{"id":1989,"date":"2019-12-30T11:14:59","date_gmt":"2019-12-30T11:14:59","guid":{"rendered":"https:\/\/scientific-wordshop.com\/contact\/"},"modified":"2026-04-17T11:03:08","modified_gmt":"2026-04-17T11:03:08","slug":"contact","status":"publish","type":"page","link":"https:\/\/scientific-wordshop.com\/fr\/contact\/","title":{"rendered":"Contact_old"},"content":{"rendered":"<p><section id=\"bt_bb_section69e8b340a2751\" class=\"bt_bb_section bt_bb_color_scheme_11 bt_bb_layout_boxed_1200 bt_bb_vertical_align_top bt_bb_background_overlay_alternate_solid bt_bb_bottom_section_coverage_image bt_bb_section_with_bottom_coverage_image bt_bb_top_spacing_extra_large bt_bb_bottom_spacing_extra_large\" style=\"; --section-primary-color:#ffffff; --section-secondary-color:#43729f;;background-color:#ffffff;\" data-bt-override-class=\"null\"><div class=\"bt_bb_background_image_holder_wrapper\"><div class=\"bt_bb_background_image_holder btLazyLoadBackground bt_bb_parallax\"  data-background_image_src=\"https:\/\/scientific-wordshop.com\/wp-content\/uploads\/2020\/12\/sjd-bg-6.jpg\" data-parallax=\"0.7\" data-parallax-offset=\"0\" data-parallax-zoom-start=\"1\" data-parallax-zoom-end=\"1\" data-parallax-blur-start=\"0\" data-parallax-blur-end=\"0\" data-parallax-opacity-start=\"1\" data-parallax-opacity-end=\"1\" style=\" background-image: url(&#039;https:\/\/scientific-wordshop.com\/wp-content\/plugins\/bold-page-builder\/img\/blank.gif&#039;);\"><\/div><\/div><div class=\"bt_bb_port\"><div class=\"bt_bb_cell\"><div class=\"bt_bb_cell_inner\"><div class=\"bt_bb_row bt_bb_row_width_boxed_1200 bt_bb_row_width_boxed \"  data-bt-override-class=\"{}\"><div class=\"bt_bb_row_holder\" ><div  class=\"bt_bb_column col-xxl-12 col-xl-12 bt_bb_vertical_align_top bt_bb_align_left bt_bb_padding_normal bt_bb_animation_fade_in animate\" style=\"; --column-width:12;\" data-width=\"12\" data-bt-override-class=\"{}\"><div class=\"bt_bb_column_content\"><div class=\"bt_bb_column_content_inner\"><div class=\"bt_bb_separator bt_bb_border_style_none bt_bb_top_spacing_normal\" data-bt-override-class=\"null\"><\/div><header class=\"bt_bb_headline bt_bb_font_weight_bold bt_bb_color_scheme_1 bt_bb_dash_none bt_bb_size_inherit bt_bb_align_inherit bt_bb_dash_type_none\" style=\"; --primary-color:#ffffff; --secondary-color:#191919;\" data-bt-override-class=\"{}\"><h1 style=\"font-size:4em\" class=\"bt_bb_headline_tag\"><span class=\"bt_bb_headline_content\"><span>Forgez-vous une excellente r\u00e9putation<br \/><br \/>\ndans l\u2019industrie m\u00e9dicale francophone<\/span><\/span><\/h1><\/header><div class=\"bt_bb_separator bt_bb_border_style_none bt_bb_top_spacing_small\" data-bt-override-class=\"null\"><\/div><div  class=\"bt_bb_text\" ><\/p>\n<div class=\"bt_bb_text\">\n<div class=\"bt_bb_text\">\n<p><span style=\"color: #ffffff;\"><i>Renseignez-vous sur les prestations de traduction de l\u2019allemand &amp; anglais vers le fran\u00e7ais<\/i><\/span><\/p>\n<\/div>\n<\/div>\n<p>\n<\/div><div class=\"bt_bb_separator bt_bb_border_style_none bt_bb_top_spacing_medium\" data-bt-override-class=\"null\"><\/div><\/div><\/div><\/div><\/div><\/div><div class=\"bt_bb_row \"  data-bt-override-class=\"{}\"><div class=\"bt_bb_row_holder\" ><div  class=\"bt_bb_column col-xxl-12 col-xl-12 bt_bb_vertical_align_top bt_bb_align_left bt_bb_padding_normal\" style=\"; --column-width:12;\" data-width=\"12\" data-bt-override-class=\"{}\"><div class=\"bt_bb_column_content\"><div class=\"bt_bb_column_content_inner\"><\/div><\/div><\/div><\/div><\/div><\/div><!-- cell_inner --><\/div><!-- cell --><\/div><!-- port --><div class=\"bt_bb_section_bottom_section_coverage_image\"><img decoding=\"async\" src=\"https:\/\/scientific-wordshop.com\/wp-content\/uploads\/2020\/11\/footer-reverse.png\" alt=\"bt_bb_section_bottom_section_coverage_image\" \/><\/div><\/section><section id=\"bt_bb_section69e8b340a3199\" class=\"bt_bb_section bt_bb_layout_boxed_1200 bt_bb_vertical_align_top bt_bb_top_spacing_normal bt_bb_bottom_spacing_small bt_bb_section_show_left_boxed_content\"  data-bt-override-class=\"null\"><div class=\"bt_bb_port\"><div class=\"bt_bb_cell\"><div class=\"bt_bb_cell_inner\"><div class=\"bt_bb_row bt_bb_row_width_boxed_1200 bt_bb_row_width_boxed \"  data-bt-override-class=\"{}\"><div class=\"bt_bb_row_holder\" ><div  class=\"bt_bb_column col-xxl-6 col-xl-6 bt_bb_vertical_align_top bt_bb_align_left bt_bb_padding_normal bt_bb_animation_fade_in animate\" style=\"; --column-width:6;\" data-width=\"6\" data-bt-override-class=\"{}\"><div class=\"bt_bb_column_content\"><div class=\"bt_bb_column_content_inner\"><header class=\"bt_bb_headline bt_bb_color_scheme_4 bt_bb_dash_none bt_bb_size_inherit bt_bb_align_left bt_bb_dash_type_none\" style=\"; --primary-color:#3d9aae; --secondary-color:#ffffff;\" data-bt-override-class=\"{}\"><h2 class=\"bt_bb_headline_tag\"><span class=\"bt_bb_headline_content\"><span>Si vous avez besoin de traductions pharmaceutiques fran\u00e7aises, n\u2019h\u00e9sitez pas \u00e0 me contacter !<br \/><br \/>\n<\/span><\/span><\/h2><\/header><div class=\"bt_bb_separator bt_bb_border_style_none bt_bb_bottom_spacing_small\" data-bt-override-class=\"null\"><\/div><div  class=\"bt_bb_text\" ><\/p>\n<p>\nJe traduis du contenu exigeant, des notices de m\u00e9dicaments aux instructions, en passant par des sites Internet et des supports marketing.<\/p>\n<p>Je serai ravie de traduire vos documents m\u00e9dicaux et pharmaceutiques prochainement.<\/p>\n<p>Pour demander un devis ou me poser une question, veuillez remplir le formulaire de contact.Je vous r\u00e9pondrai sous 24\u00a0heures pendant les jours ouvr\u00e9s\u00a0! Veuillez noter qu\u2019afin d\u2019\u00e9tablir un devis pr\u00e9cis, j\u2019ai besoin de voir le document complet au pr\u00e9alable.<\/p>\n<p>Merci de t\u00e9l\u00e9charger votre document et de me fournir le plus d\u2019informations possible sur votre projet (traductions existantes, \u00e9ch\u00e9ance et format souhait\u00e9s, etc.). Nous pouvons bien s\u00fbr signer un accord de confidentialit\u00e9 auparavant si n\u00e9cessaire.<\/p>\n<p>\n<\/div><div class=\"bt_bb_separator bt_bb_border_style_none bt_bb_bottom_spacing_normal\" data-bt-override-class=\"null\"><\/div><header class=\"bt_bb_headline bt_bb_color_scheme_3 bt_bb_dash_none bt_bb_size_large bt_bb_align_inherit bt_bb_dash_type_none\" style=\"; --primary-color:#3d9aae; --secondary-color:#191919;\" data-bt-override-class=\"{}\"><h4 class=\"bt_bb_headline_tag\"><span class=\"bt_bb_headline_content\"><span>Vous pouvez aussi me contacter sur<\/span><\/span><\/h4><\/header><div class=\"bt_bb_separator bt_bb_border_style_none bt_bb_bottom_spacing_normal\" data-bt-override-class=\"null\"><\/div><div class=\"bt_bb_icon bt_bb_color_scheme_11 bt_bb_style_filled bt_bb_size_xsmall bt_bb_shape_circle bt_bb_target_blank bt_bb_text_empty bt_bb_align_inherit\" style=\"; --primary-color:#ffffff; --secondary-color:#43729f;\" data-bt-override-class=\"{}\"><a href=\"https:\/\/www.linkedin.com\/in\/severine-jacquinot-dedier\/\"  target=\"_blank\"   data-ico-fontawesome5brands=\"&#xf0e1;\" class=\"bt_bb_icon_holder\"><\/a><\/div><div class=\"bt_bb_icon bt_bb_color_scheme_11 bt_bb_style_filled bt_bb_size_xsmall bt_bb_shape_circle bt_bb_target_blank bt_bb_text_empty bt_bb_align_inherit\" style=\"; --primary-color:#ffffff; --secondary-color:#43729f;\" data-bt-override-class=\"{}\"><a href=\"https:\/\/www.xing.com\/profile\/Severine_JacquinotDedier\"  target=\"_blank\"   data-ico-fontawesome=\"&#xf168;\" class=\"bt_bb_icon_holder\"><\/a><\/div><div class=\"bt_bb_icon bt_bb_color_scheme_11 bt_bb_style_filled bt_bb_size_xsmall bt_bb_shape_circle bt_bb_target_blank bt_bb_text_empty bt_bb_align_inherit\" style=\"; --primary-color:#ffffff; --secondary-color:#43729f;\" data-bt-override-class=\"{}\"><a href=\"https:\/\/www.proz.com\/profile\/2147696\"  target=\"_blank\"   data-ico-fontawesome=\"&#xf288;\" class=\"bt_bb_icon_holder\"><\/a><\/div><div class=\"bt_bb_separator bt_bb_border_style_none bt_bb_bottom_spacing_normal\" data-bt-override-class=\"null\"><\/div><\/div><\/div><\/div><div  class=\"bt_bb_column col-xxl-6 col-xl-6 bt_bb_vertical_align_top bt_bb_align_left bt_bb_padding_normal bt_bb_animation_fade_in animate\" style=\"; --column-width:6;\" data-width=\"6\" data-bt-override-class=\"{}\"><div class=\"bt_bb_column_content\"><div class=\"bt_bb_column_content_inner\"><div class=\"bt_bb_contact_form_7\">\n<div class=\"wpcf7 no-js\" id=\"wpcf7-f2018-o1\" lang=\"en-US\" dir=\"ltr\" data-wpcf7-id=\"2018\">\n<div class=\"screen-reader-response\"><p role=\"status\" aria-live=\"polite\" aria-atomic=\"true\"><\/p> <ul><\/ul><\/div>\n<form action=\"\/fr\/wp-json\/wp\/v2\/pages\/1989#wpcf7-f2018-o1\" method=\"post\" class=\"wpcf7-form init\" aria-label=\"Contact form\" novalidate=\"novalidate\" data-status=\"init\">\n<fieldset class=\"hidden-fields-container\"><input type=\"hidden\" name=\"_wpcf7\" value=\"2018\" \/><input type=\"hidden\" name=\"_wpcf7_version\" value=\"6.1.5\" \/><input type=\"hidden\" name=\"_wpcf7_locale\" value=\"en_US\" \/><input type=\"hidden\" name=\"_wpcf7_unit_tag\" value=\"wpcf7-f2018-o1\" \/><input type=\"hidden\" name=\"_wpcf7_container_post\" value=\"0\" \/><input type=\"hidden\" name=\"_wpcf7_posted_data_hash\" value=\"\" \/>\n<\/fieldset>\n<p><label> Pr\u00e9nom et nom*<br \/>\n<span class=\"wpcf7-form-control-wrap\" data-name=\"your-name\"><input size=\"40\" maxlength=\"400\" class=\"wpcf7-form-control wpcf7-text wpcf7-validates-as-required\" aria-required=\"true\" aria-invalid=\"false\" value=\"\" type=\"text\" name=\"your-name\" \/><\/span> <\/label>\n<\/p>\n<p><label> Entreprise<br \/>\n<span class=\"wpcf7-form-control-wrap\" data-name=\"text-837\"><input size=\"40\" maxlength=\"400\" class=\"wpcf7-form-control wpcf7-text\" aria-invalid=\"false\" value=\"\" type=\"text\" name=\"text-837\" \/><\/span> <\/label>\n<\/p>\n<p><label> E-mail*<br \/>\n<span class=\"wpcf7-form-control-wrap\" data-name=\"your-email\"><input size=\"40\" maxlength=\"400\" class=\"wpcf7-form-control wpcf7-email wpcf7-validates-as-required wpcf7-text wpcf7-validates-as-email\" aria-required=\"true\" aria-invalid=\"false\" value=\"\" type=\"email\" name=\"your-email\" \/><\/span> <\/label>\n<\/p>\n<p><label> T\u00e9l\u00e9phone<br \/>\n<span class=\"wpcf7-form-control-wrap\" data-name=\"tel-585\"><input size=\"40\" maxlength=\"400\" class=\"wpcf7-form-control wpcf7-tel wpcf7-text wpcf7-validates-as-tel\" aria-invalid=\"false\" value=\"\" type=\"tel\" name=\"tel-585\" \/><\/span> <\/label>\n<\/p>\n<p><label> Comment puis-je vous aider ?* (D\u00e9crivez votre projet, vos objectifs, vos d\u00e9lais, vos langues de travail...)<br \/>\n<span class=\"wpcf7-form-control-wrap\" data-name=\"your-message\"><textarea cols=\"40\" rows=\"3\" maxlength=\"2000\" class=\"wpcf7-form-control wpcf7-textarea wpcf7-validates-as-required\" aria-required=\"true\" aria-invalid=\"false\" name=\"your-message\"><\/textarea><\/span> <\/label>\n<\/p>\n<p><label> Comment avez-vous entendu parler de moi ?*<br \/>\n<span class=\"wpcf7-form-control-wrap\" data-name=\"your-message\"><textarea cols=\"40\" rows=\"1\" maxlength=\"2000\" class=\"wpcf7-form-control wpcf7-textarea wpcf7-validates-as-required\" aria-required=\"true\" aria-invalid=\"false\" name=\"your-message\"><\/textarea><\/span> <\/label>\n<\/p>\n<p><input type=\"hidden\" name=\"_wpcf7_captcha_challenge_captcha-1\" value=\"902867665\" \/><img loading=\"lazy\" decoding=\"async\" class=\"wpcf7-form-control wpcf7-captchac wpcf7-captcha-captcha-1\" width=\"72\" height=\"24\" alt=\"captcha\" src=\"https:\/\/scientific-wordshop.com\/wp-content\/uploads\/wpcf7_captcha\/902867665.png\" \/><br \/>\n<span class=\"wpcf7-form-control-wrap\" data-name=\"captcha-1\"><input size=\"40\" class=\"wpcf7-form-control wpcf7-captchar\" autocomplete=\"off\" aria-invalid=\"false\" value=\"\" type=\"text\" name=\"captcha-1\" \/><\/span>\n<\/p>\n<p><span class=\"wpcf7-form-control-wrap\" data-name=\"acceptance-815\"><span class=\"wpcf7-form-control wpcf7-acceptance\"><span class=\"wpcf7-list-item\"><label><input type=\"checkbox\" name=\"acceptance-815\" value=\"1\" aria-invalid=\"false\" \/><span class=\"wpcf7-list-item-label\">J'accepte la politique de confidentialit\u00e9<\/span><\/label><\/span><\/span><\/span>\n<\/p>\n<p><input class=\"wpcf7-form-control wpcf7-submit has-spinner\" type=\"submit\" value=\"Envoyer\" \/>\n<\/p><div class=\"wpcf7-response-output\" aria-hidden=\"true\"><\/div>\n<\/form>\n<\/div>\n<\/div><div class=\"bt_bb_separator bt_bb_border_style_none bt_bb_bottom_spacing_normal\" data-bt-override-class=\"null\"><\/div><\/div><\/div><\/div><\/div><\/div><\/div><!-- cell_inner --><\/div><!-- cell --><\/div><!-- port --><\/section><\/p>\n","protected":false},"excerpt":{"rendered":"<p>Progressively maintain extensive infomediaries via extensible niches. Dramatically disseminate standardized metrics after resource-leveling processes. Objectively pursue diverse catalysts for change for interoperable meta-services.<\/p>\n","protected":false},"author":1,"featured_media":0,"parent":0,"menu_order":0,"comment_status":"closed","ping_status":"closed","template":"","meta":{"footnotes":""},"class_list":["post-1989","page","type-page","status-publish","hentry"],"yoast_head":"<!-- This site is optimized with the Yoast SEO plugin v27.4 - https:\/\/yoast.com\/product\/yoast-seo-wordpress\/ -->\n<title>Traductions pharmaceutiques vers le fran\u00e7ais | S\u00e9verine Jacquinot-D\u00e9dier<\/title>\n<meta name=\"description\" content=\"Commandez aujourd\u2019hui une traduction pharmaceutique vers le fran\u00e7ais\u00a0! Je peux vous aider avec des documents m\u00e9dicaux, tels que notices de m\u00e9dicaments, instructions, sites web et supports marketing.\" \/>\n<meta name=\"robots\" content=\"index, follow, max-snippet:-1, max-image-preview:large, max-video-preview:-1\" \/>\n<link rel=\"canonical\" href=\"https:\/\/scientific-wordshop.com\/fr\/contact\/\" \/>\n<meta property=\"og:locale\" content=\"fr_FR\" \/>\n<meta property=\"og:type\" content=\"article\" \/>\n<meta property=\"og:title\" content=\"Traductions pharmaceutiques vers le fran\u00e7ais | S\u00e9verine Jacquinot-D\u00e9dier\" \/>\n<meta property=\"og:description\" content=\"Commandez aujourd\u2019hui une traduction pharmaceutique vers le fran\u00e7ais\u00a0! Je peux vous aider avec des documents m\u00e9dicaux, tels que notices de m\u00e9dicaments, instructions, sites web et supports marketing.\" \/>\n<meta property=\"og:url\" content=\"https:\/\/scientific-wordshop.com\/fr\/contact\/\" \/>\n<meta property=\"og:site_name\" content=\"S\u00e9verine Jacquinot-D\u00e9dier, PhD\" \/>\n<meta property=\"article:modified_time\" content=\"2026-04-17T11:03:08+00:00\" \/>\n<meta name=\"twitter:card\" content=\"summary_large_image\" \/>\n<meta name=\"twitter:label1\" content=\"Dur\u00e9e de lecture estim\u00e9e\" \/>\n\t<meta name=\"twitter:data1\" content=\"2 minutes\" \/>\n<script type=\"application\/ld+json\" class=\"yoast-schema-graph\">{\"@context\":\"https:\\\/\\\/schema.org\",\"@graph\":[{\"@type\":\"WebPage\",\"@id\":\"https:\\\/\\\/scientific-wordshop.com\\\/fr\\\/contact\\\/\",\"url\":\"https:\\\/\\\/scientific-wordshop.com\\\/fr\\\/contact\\\/\",\"name\":\"Traductions pharmaceutiques vers le fran\u00e7ais | S\u00e9verine Jacquinot-D\u00e9dier\",\"isPartOf\":{\"@id\":\"https:\\\/\\\/scientific-wordshop.com\\\/#website\"},\"datePublished\":\"2019-12-30T11:14:59+00:00\",\"dateModified\":\"2026-04-17T11:03:08+00:00\",\"description\":\"Commandez aujourd\u2019hui une traduction pharmaceutique vers le fran\u00e7ais\u00a0! Je peux vous aider avec des documents m\u00e9dicaux, tels que notices de m\u00e9dicaments, instructions, sites web et supports marketing.\",\"breadcrumb\":{\"@id\":\"https:\\\/\\\/scientific-wordshop.com\\\/fr\\\/contact\\\/#breadcrumb\"},\"inLanguage\":\"fr-FR\",\"potentialAction\":[{\"@type\":\"ReadAction\",\"target\":[\"https:\\\/\\\/scientific-wordshop.com\\\/fr\\\/contact\\\/\"]}]},{\"@type\":\"BreadcrumbList\",\"@id\":\"https:\\\/\\\/scientific-wordshop.com\\\/fr\\\/contact\\\/#breadcrumb\",\"itemListElement\":[{\"@type\":\"ListItem\",\"position\":1,\"name\":\"Home\",\"item\":\"https:\\\/\\\/scientific-wordshop.com\\\/fr\\\/\"},{\"@type\":\"ListItem\",\"position\":2,\"name\":\"Contact_old\"}]},{\"@type\":\"WebSite\",\"@id\":\"https:\\\/\\\/scientific-wordshop.com\\\/#website\",\"url\":\"https:\\\/\\\/scientific-wordshop.com\\\/\",\"name\":\"S\u00e9verine Jacquinot-D\u00e9dier, PhD\",\"description\":\"French medical writer and translator\",\"potentialAction\":[{\"@type\":\"SearchAction\",\"target\":{\"@type\":\"EntryPoint\",\"urlTemplate\":\"https:\\\/\\\/scientific-wordshop.com\\\/?s={search_term_string}\"},\"query-input\":{\"@type\":\"PropertyValueSpecification\",\"valueRequired\":true,\"valueName\":\"search_term_string\"}}],\"inLanguage\":\"fr-FR\"}]}<\/script>\n<!-- \/ Yoast SEO plugin. -->","yoast_head_json":{"title":"Traductions pharmaceutiques vers le fran\u00e7ais | S\u00e9verine Jacquinot-D\u00e9dier","description":"Commandez aujourd\u2019hui une traduction pharmaceutique vers le fran\u00e7ais\u00a0! Je peux vous aider avec des documents m\u00e9dicaux, tels que notices de m\u00e9dicaments, instructions, sites web et supports marketing.","robots":{"index":"index","follow":"follow","max-snippet":"max-snippet:-1","max-image-preview":"max-image-preview:large","max-video-preview":"max-video-preview:-1"},"canonical":"https:\/\/scientific-wordshop.com\/fr\/contact\/","og_locale":"fr_FR","og_type":"article","og_title":"Traductions pharmaceutiques vers le fran\u00e7ais | S\u00e9verine Jacquinot-D\u00e9dier","og_description":"Commandez aujourd\u2019hui une traduction pharmaceutique vers le fran\u00e7ais\u00a0! Je peux vous aider avec des documents m\u00e9dicaux, tels que notices de m\u00e9dicaments, instructions, sites web et supports marketing.","og_url":"https:\/\/scientific-wordshop.com\/fr\/contact\/","og_site_name":"S\u00e9verine Jacquinot-D\u00e9dier, PhD","article_modified_time":"2026-04-17T11:03:08+00:00","twitter_card":"summary_large_image","twitter_misc":{"Dur\u00e9e de lecture estim\u00e9e":"2 minutes"},"schema":{"@context":"https:\/\/schema.org","@graph":[{"@type":"WebPage","@id":"https:\/\/scientific-wordshop.com\/fr\/contact\/","url":"https:\/\/scientific-wordshop.com\/fr\/contact\/","name":"Traductions pharmaceutiques vers le fran\u00e7ais | S\u00e9verine Jacquinot-D\u00e9dier","isPartOf":{"@id":"https:\/\/scientific-wordshop.com\/#website"},"datePublished":"2019-12-30T11:14:59+00:00","dateModified":"2026-04-17T11:03:08+00:00","description":"Commandez aujourd\u2019hui une traduction pharmaceutique vers le fran\u00e7ais\u00a0! Je peux vous aider avec des documents m\u00e9dicaux, tels que notices de m\u00e9dicaments, instructions, sites web et supports marketing.","breadcrumb":{"@id":"https:\/\/scientific-wordshop.com\/fr\/contact\/#breadcrumb"},"inLanguage":"fr-FR","potentialAction":[{"@type":"ReadAction","target":["https:\/\/scientific-wordshop.com\/fr\/contact\/"]}]},{"@type":"BreadcrumbList","@id":"https:\/\/scientific-wordshop.com\/fr\/contact\/#breadcrumb","itemListElement":[{"@type":"ListItem","position":1,"name":"Home","item":"https:\/\/scientific-wordshop.com\/fr\/"},{"@type":"ListItem","position":2,"name":"Contact_old"}]},{"@type":"WebSite","@id":"https:\/\/scientific-wordshop.com\/#website","url":"https:\/\/scientific-wordshop.com\/","name":"S\u00e9verine Jacquinot-D\u00e9dier, PhD","description":"French medical writer and translator","potentialAction":[{"@type":"SearchAction","target":{"@type":"EntryPoint","urlTemplate":"https:\/\/scientific-wordshop.com\/?s={search_term_string}"},"query-input":{"@type":"PropertyValueSpecification","valueRequired":true,"valueName":"search_term_string"}}],"inLanguage":"fr-FR"}]}},"_links":{"self":[{"href":"https:\/\/scientific-wordshop.com\/fr\/wp-json\/wp\/v2\/pages\/1989","targetHints":{"allow":["GET"]}}],"collection":[{"href":"https:\/\/scientific-wordshop.com\/fr\/wp-json\/wp\/v2\/pages"}],"about":[{"href":"https:\/\/scientific-wordshop.com\/fr\/wp-json\/wp\/v2\/types\/page"}],"author":[{"embeddable":true,"href":"https:\/\/scientific-wordshop.com\/fr\/wp-json\/wp\/v2\/users\/1"}],"replies":[{"embeddable":true,"href":"https:\/\/scientific-wordshop.com\/fr\/wp-json\/wp\/v2\/comments?post=1989"}],"version-history":[{"count":3,"href":"https:\/\/scientific-wordshop.com\/fr\/wp-json\/wp\/v2\/pages\/1989\/revisions"}],"predecessor-version":[{"id":3409,"href":"https:\/\/scientific-wordshop.com\/fr\/wp-json\/wp\/v2\/pages\/1989\/revisions\/3409"}],"wp:attachment":[{"href":"https:\/\/scientific-wordshop.com\/fr\/wp-json\/wp\/v2\/media?parent=1989"}],"curies":[{"name":"wp","href":"https:\/\/api.w.org\/{rel}","templated":true}]}}