{"id":1986,"date":"2019-12-30T11:36:54","date_gmt":"2019-12-30T11:36:54","guid":{"rendered":"https:\/\/scientific-wordshop.com\/faq\/"},"modified":"2026-04-17T11:04:58","modified_gmt":"2026-04-17T11:04:58","slug":"faq","status":"publish","type":"page","link":"https:\/\/scientific-wordshop.com\/fr\/faq\/","title":{"rendered":"FAQ_old"},"content":{"rendered":"<p><section id=\"bt_bb_section69f28ad61990b\" class=\"bt_bb_section bt_bb_color_scheme_11 bt_bb_layout_boxed_1200 bt_bb_vertical_align_top bt_bb_background_overlay_alternate_solid bt_bb_bottom_section_coverage_image bt_bb_section_with_bottom_coverage_image bt_bb_top_spacing_extra_large bt_bb_bottom_spacing_large\" style=\"; --section-primary-color:#ffffff; --section-secondary-color:#43729f;;background-color:#ffffff;\" data-bt-override-class=\"null\"><div class=\"bt_bb_background_image_holder_wrapper\"><div class=\"bt_bb_background_image_holder btLazyLoadBackground bt_bb_parallax\"  data-background_image_src=\"https:\/\/scientific-wordshop.com\/wp-content\/uploads\/2020\/12\/sjd-bg-10.jpg\" data-parallax=\"0.7\" data-parallax-offset=\"0\" data-parallax-zoom-start=\"1\" data-parallax-zoom-end=\"1\" data-parallax-blur-start=\"0\" data-parallax-blur-end=\"0\" data-parallax-opacity-start=\"1\" data-parallax-opacity-end=\"1\" style=\" background-image: url(&#039;https:\/\/scientific-wordshop.com\/wp-content\/plugins\/bold-page-builder\/img\/blank.gif&#039;);\"><\/div><\/div><div class=\"bt_bb_port\"><div class=\"bt_bb_cell\"><div class=\"bt_bb_cell_inner\"><div class=\"bt_bb_row bt_bb_row_width_boxed_1200 bt_bb_row_width_boxed \"  data-bt-override-class=\"{}\"><div class=\"bt_bb_row_holder\" ><div  class=\"bt_bb_column col-xxl-9 col-xl-9 bt_bb_vertical_align_top bt_bb_align_left bt_bb_padding_normal bt_bb_animation_fade_in animate\" style=\"; --column-width:9;\" data-width=\"9\" data-bt-override-class=\"{}\"><div class=\"bt_bb_column_content\"><div class=\"bt_bb_column_content_inner\"><div class=\"bt_bb_separator bt_bb_border_style_none bt_bb_bottom_spacing_normal\" data-bt-override-class=\"null\"><\/div><header class=\"bt_bb_headline bt_bb_font_weight_bold bt_bb_color_scheme_1 bt_bb_dash_none bt_bb_size_inherit bt_bb_align_inherit bt_bb_dash_type_none\" style=\"; --primary-color:#ffffff; --secondary-color:#191919;\" data-bt-override-class=\"{}\"><h1 style=\"font-size:4em\" class=\"bt_bb_headline_tag\"><span class=\"bt_bb_headline_content\"><span>Foire aux questions<\/span><\/span><\/h1><\/header><div class=\"bt_bb_separator bt_bb_border_style_none bt_bb_top_spacing_small\" data-bt-override-class=\"null\"><\/div><div  class=\"bt_bb_text\" ><\/p>\n<p>\n<span style=\"color: #ffffff;\"><em>Vous avez une question concernant mes services, mes tarifs ou mon code de d\u00e9ontologie\u00a0?<\/em><\/span><\/p>\n<p><span style=\"color: #ffffff;\">Consultez les rubriques ci-dessous pour voir si j\u2019y ai d\u00e9j\u00e0 r\u00e9pondu.<\/span><\/p>\n<p>\n<\/div><div class=\"bt_bb_separator bt_bb_border_style_none bt_bb_top_spacing_small bt_bb_bottom_spacing_large\" data-bt-override-class=\"null\"><\/div><\/div><\/div><\/div><div  class=\"bt_bb_column col-xxl-3 col-xl-3 bt_bb_vertical_align_top bt_bb_align_left bt_bb_padding_normal\" style=\"; --column-width:3;\" data-width=\"3\" data-bt-override-class=\"{}\"><div class=\"bt_bb_column_content\"><div class=\"bt_bb_column_content_inner\"><\/div><\/div><\/div><\/div><\/div><\/div><!-- cell_inner --><\/div><!-- cell --><\/div><!-- port --><div class=\"bt_bb_section_bottom_section_coverage_image\"><img decoding=\"async\" src=\"https:\/\/scientific-wordshop.com\/wp-content\/uploads\/2020\/11\/footer-reverse.png\" alt=\"bt_bb_section_bottom_section_coverage_image\" \/><\/div><\/section><section id=\"bt_bb_section69f28ad61a3ee\" class=\"bt_bb_section bt_bb_layout_boxed_800 bt_bb_vertical_align_top bt_bb_top_spacing_normal bt_bb_bottom_spacing_medium bt_bb_section_show_left_boxed_content\"  data-bt-override-class=\"null\"><div class=\"bt_bb_port\"><div class=\"bt_bb_cell\"><div class=\"bt_bb_cell_inner\"><div class=\"bt_bb_row \"  data-bt-override-class=\"{}\"><div class=\"bt_bb_row_holder\" ><div  class=\"bt_bb_column col-xxl-12 col-xl-12 bt_bb_vertical_align_top bt_bb_align_left bt_bb_padding_normal\" style=\"; --column-width:12;\" data-width=\"12\" data-bt-override-class=\"{}\"><div class=\"bt_bb_column_content\"><div class=\"bt_bb_column_content_inner\"><div class=\"bt_bb_accordion bt_bb_color_scheme_4 bt_bb_style_outline bt_bb_shape_round\" style=\"; --accordion-primary-color:#3d9aae; --accordion-secondary-color:#ffffff;\"><div class=\"bt_bb_accordion_item\"><div class=\"bt_bb_accordion_item_title\">Pourquoi devrais-je payer un traducteur professionnel alors que je peux utiliser Google Translate gratuitement ?<\/div><div class=\"bt_bb_accordion_item_content\"><div  class=\"bt_bb_text\" ><\/p>\n<p>\nContrairement \u00e0 Google Translate, un traducteur professionnel a des ann\u00e9es d\u2019exp\u00e9rience dans l\u2019industrie et une connaissance approfondie de la langue et de ses nuances, avec lesquels GT ne peut pas rivaliser. GT risque livrer des traductions douteuses ou incoh\u00e9rentes, qui pourraient compromettre la r\u00e9putation de votre marque ou m\u00eame mettre des vies en danger ! Laisser vos notices de produits pharmaceutiques ou vos supports de marketing entre les mains de professionnels est beaucoup plus s\u00fbr et aboutit \u00e0 de bien meilleurs r\u00e9sultats.<\/p>\n<p>\n<\/div><\/div><\/div><div class=\"bt_bb_accordion_item\"><div class=\"bt_bb_accordion_item_title\">Vous ne traduisez que vers le fran\u00e7ais, pourquoi ?<\/div><div class=\"bt_bb_accordion_item_content\"><div  class=\"bt_bb_text\" ><\/p>\n<p>\nChaque traducteur exp\u00e9riment\u00e9 vous dira la m\u00eame chose\u00a0: tous les traducteurs professionnels traduisent uniquement vers leur langue maternelle. C\u2019est le seul moyen de garantir une traduction irr\u00e9prochable que votre audience cible trouvera aussi naturelle que l\u2019original.<br \/>\nCela fait, en outre, partie des principes et bonnes pratiques de cette profession, tels qu\u2019\u00e9nonc\u00e9s notamment dans le code de d\u00e9ontologie de la SFT\u00a0: \u00ab\u00a0Le traducteur s\u2019engage \u00e0 travailler dans les r\u00e8gles de l\u2019art, \u00e0 savoir, traduire uniquement vers sa langue maternelle ou une langue cultiv\u00e9e, mani\u00e9e avec pr\u00e9cision et aisance\u2026\u00a0\u00bb<\/p>\n<p>\n<\/div><\/div><\/div><div class=\"bt_bb_accordion_item\"><div class=\"bt_bb_accordion_item_title\">Quels formats pouvez-vous utiliser ?<\/div><div class=\"bt_bb_accordion_item_content\"><div  class=\"bt_bb_text\" ><\/p>\n<p>\nJe travaille avec les formats suivants\u00a0: Word, PowerPoint, Excel, InDesign, PDF et beaucoup d\u2019autres encore (veuillez me demander si le format dont vous avez besoin n\u2019est pas sur cette liste). J\u2019accepte \u00e9galement les PDF scann\u00e9s ou les autres formats scann\u00e9s. Cependant, ceux-ci doivent, au pr\u00e9alable, \u00eatre convertis en un format traduisible et n\u00e9cessitent une longue \u00e9tape de mise en page. Il est m\u00eame souvent impossible de reconstituer le format original fid\u00e8lement de cette mani\u00e8re. Il est donc toujours pr\u00e9f\u00e9rable de travailler avec des formats originaux \u00e9ditables.<\/p>\n<p>\n<\/div><\/div><\/div><div class=\"bt_bb_accordion_item\"><div class=\"bt_bb_accordion_item_title\">Est-il possible de faire un suivi des modifications durant le processus de traduction ?<\/div><div class=\"bt_bb_accordion_item_content\"><div  class=\"bt_bb_text\" ><\/p>\n<p>\nOui, et je le recommande\u00a0! Le suivi des modifications garantit leur impl\u00e9mentation et permet plus de transparence.<\/p>\n<p>\n<\/div><\/div><\/div><div class=\"bt_bb_accordion_item\"><div class=\"bt_bb_accordion_item_title\">De combien de temps avez-vous besoin pour la traduction ?<\/div><div class=\"bt_bb_accordion_item_content\"><div  class=\"bt_bb_text\" ><\/p>\n<p>\nCela d\u00e9pend bien s\u00fbr toujours en premier lieu du type de projet et du nombre de mots. \u00c0 titre indicatif, pendant la semaine, mon d\u00e9lai d\u2019ex\u00e9cution habituel est de trois \u00e0 quatre jours pour les petits documents (3 \u00e0 4 pages). Pour les projets urgents, je peux livrer sous 24 \u00e0 48 heures moyennant une majoration du tarif, tant que cela ne compromet pas la qualit\u00e9 et reste compatible avec la mission confi\u00e9e. <a href=\"https:\/\/scientific-wordshop.com\/fr\/contact\/\">Contactez-moi pour recevoir une estimation du d\u00e9lai de livraison.<\/a><\/p>\n<p>\n<\/div><\/div><\/div><div class=\"bt_bb_accordion_item\"><div class=\"bt_bb_accordion_item_title\">Quelle est la diff\u00e9rence entre r\u00e9vision et relecture ?<\/div><div class=\"bt_bb_accordion_item_content\"><div  class=\"bt_bb_text\" ><\/p>\n<p>\nLa relecture consiste \u00e0 v\u00e9rifier le texte soigneusement en corrigeant les fautes d\u2019orthographe, de frappe, de grammaire et de typographie, en g\u00e9n\u00e9ral sans r\u00e9f\u00e9rence au document original et donc sans intervenir sur le message transmis.<br \/>\nLa r\u00e9vision (comparative) quant \u00e0 elle se rapporte au document original et examine la fid\u00e9lit\u00e9 de la traduction dans son ensemble. Elle va au-del\u00e0 d\u2019une relecture en examinant le respect des sp\u00e9cifications et de la terminologie, l\u2019accord avec le mat\u00e9riel de r\u00e9f\u00e9rence, le style, la coh\u00e9rence des affirmations du texte et s\u2019assure donc que le message est correctement et clairement converti.<\/p>\n<p>Je fournis les deux services de relecture et de r\u00e9vision dans le cadre de mon <a href=\"https:\/\/scientific-wordshop.com\/fr\/qualite\/\">processus de contr\u00f4le qualit\u00e9 ou en tant que projet \u00e0 part enti\u00e8re<\/a>.<\/p>\n<p>\n<\/div><\/div><\/div><div class=\"bt_bb_accordion_item\"><div class=\"bt_bb_accordion_item_title\">Quels sont vos tarifs de traduction ?<\/div><div class=\"bt_bb_accordion_item_content\"><div  class=\"bt_bb_text\" ><\/p>\n<p>\nLe tarif d\u00e9pend du nombre de mots, de la complexit\u00e9, du format et de l\u2019urgence de votre projet. <a href=\"https:\/\/scientific-wordshop.com\/fr\/contact\/\">Contactez-moi pour un devis pr\u00e9cis<\/a>. Un tarif minimum sera appliqu\u00e9 pour les petits projets.<\/p>\n<p>\n<\/div><\/div><\/div><div class=\"bt_bb_accordion_item\"><div class=\"bt_bb_accordion_item_title\">Comment calculez-vous le nombre de mots de mon document ?<\/div><div class=\"bt_bb_accordion_item_content\"><div  class=\"bt_bb_text\" ><\/p>\n<p>\nBien heureusement, il ne faut pas le faire \u00e0 la main. Dans Word et dans l\u2019outil de traduction dont je me sers, je peux recevoir des statistiques pr\u00e9cises du nombre de mots d\u2019un document. Pour un document scann\u00e9, cela n\u2019est pas aussi direct. Calculer un nombre de mots pr\u00e9cis n\u00e9cessite des \u00e9tapes suppl\u00e9mentaires, afin de rendre le fichier \u00e9ditable.<\/p>\n<p>\n<\/div><\/div><\/div><div class=\"bt_bb_accordion_item\"><div class=\"bt_bb_accordion_item_title\">Quelles sont vos conditions de paiement ?<\/div><div class=\"bt_bb_accordion_item_content\"><div  class=\"bt_bb_text\" ><\/p>\n<p>\nJ\u2019accepte uniquement les virements bancaires. Le r\u00e8glement doit \u00eatre fait au plus tard un mois apr\u00e8s la facturation, sauf disposition contraire.<\/p>\n<p>Je ne demande g\u00e9n\u00e9ralement pas de paiement en avance, \u00e0 moins qu\u2019un projet ne d\u00e9passe la somme de 1000\u00a0\u20ac. Dans ce cas, je demande 25\u00a0% en avance. Il est en outre possible de faire des paiements \u00e9chelonn\u00e9s sur la base de livraisons partielles.<\/p>\n<p>\n<\/div><\/div><\/div><div class=\"bt_bb_accordion_item\"><div class=\"bt_bb_accordion_item_title\">Respectez-vous la confidentialit\u00e9 des donn\u00e9es ?<\/div><div class=\"bt_bb_accordion_item_content\"><div  class=\"bt_bb_text\" ><\/p>\n<p>\nJe m&rsquo;engage \u00e0 respecter les termes du code de d\u00e9ontologie de la profession de traducteur (tel qu&rsquo;il peut \u00eatre t\u00e9l\u00e9charg\u00e9 \u00e0 titre d&rsquo;exemple sur le site de la SFT, dont je suis membre) et notamment les principes de probit\u00e9 et int\u00e9grit\u00e9, de fid\u00e9lit\u00e9 et de secret professionnel. J\u2019impl\u00e9mente donc des proc\u00e9dures strictes de contr\u00f4le de l\u2019information pour garantir la confidentialit\u00e9 de vos donn\u00e9es.<\/p>\n<p>Un NDA doit \u00eatre sign\u00e9 avant le d\u00e9but de tout projet de traduction. Si des personnes externes sont impliqu\u00e9es dans une ou plusieurs \u00e9tapes de vos projets de traduction, elles auront \u00e9galement toutes sign\u00e9 un NDA.<\/p>\n<p>\n<\/div><\/div><\/div><\/div><div class=\"bt_bb_separator bt_bb_border_style_none bt_bb_bottom_spacing_medium bt_bb_hidden_md bt_bb_hidden_lg\" data-bt-override-class=\"null\"><\/div><\/div><\/div><\/div><\/div><\/div><\/div><!-- cell_inner --><\/div><!-- cell --><\/div><!-- port --><\/section><section id=\"bt_bb_section69f28ad61f266\" class=\"bt_bb_section bt_bb_color_scheme_1 bt_bb_layout_boxed_1200 bt_bb_vertical_align_top bt_bb_background_overlay_dark_solid bt_bb_top_section_coverage_image bt_bb_section_with_top_coverage_image bt_bb_bottom_section_coverage_image bt_bb_section_with_bottom_coverage_image bt_bb_top_spacing_small bt_bb_bottom_spacing_large\" style=\"; --section-primary-color:#ffffff; --section-secondary-color:#191919;\" data-bt-override-class=\"null\"><div class=\"bt_bb_background_image_holder_wrapper\"><div class=\"bt_bb_background_image_holder btLazyLoadBackground\"  data-background_image_src=\"https:\/\/scientific-wordshop.com\/wp-content\/uploads\/2020\/12\/sjd-bg-1.jpg\" data-parallax-zoom-start=\"1\" data-parallax-zoom-end=\"1\" data-parallax-blur-start=\"0\" data-parallax-blur-end=\"0\" data-parallax-opacity-start=\"1\" data-parallax-opacity-end=\"1\" style=\" background-image: url(&#039;https:\/\/scientific-wordshop.com\/wp-content\/plugins\/bold-page-builder\/img\/blank.gif&#039;);\"><\/div><\/div><div class=\"bt_bb_port\"><div class=\"bt_bb_cell\"><div class=\"bt_bb_cell_inner\"><div class=\"bt_bb_row \"  data-bt-override-class=\"{}\"><div class=\"bt_bb_row_holder\" ><div  class=\"bt_bb_column col-xxl-12 col-xl-12 bt_bb_vertical_align_top bt_bb_align_left bt_bb_padding_normal bt_bb_animation_fade_in move_up animate\" style=\"; --column-width:12;\" data-width=\"12\" data-bt-override-class=\"{}\"><div class=\"bt_bb_column_content\"><div class=\"bt_bb_column_content_inner\"><div class=\"bt_bb_separator bt_bb_border_style_none bt_bb_top_spacing_large\" data-bt-override-class=\"null\"><\/div><header class=\"bt_bb_headline bt_bb_color_scheme_7 bt_bb_dash_none bt_bb_size_large bt_bb_align_center bt_bb_dash_type_none\" style=\"; --primary-color:#43729f; --secondary-color:#191919;;color:#ffffff;border-color:#ffffff;\" data-bt-override-class=\"{}\"><h3 class=\"bt_bb_headline_tag\"><span class=\"bt_bb_headline_content\"><span>Votre question n\u2019est pas dans la liste ?<br \/><br \/>\n<\/span><\/span><\/h3><\/header><\/div><\/div><\/div><\/div><\/div><div class=\"bt_bb_row \"  data-bt-override-class=\"{}\"><div class=\"bt_bb_row_holder\" ><div  class=\"bt_bb_column col-xxl-12 col-xl-12 bt_bb_vertical_align_top bt_bb_align_center bt_bb_padding_normal\" style=\"; --column-width:12;\" data-width=\"12\" data-bt-override-class=\"{}\"><div class=\"bt_bb_column_content\"><div class=\"bt_bb_column_content_inner\"><div class=\"bt_bb_separator bt_bb_border_style_none bt_bb_top_spacing_small\" data-bt-override-class=\"null\"><\/div><div class=\"bt_bb_button bt_bb_color_scheme_11 bt_bb_icon_position_left bt_bb_style_filled bt_bb_size_medium bt_bb_width_inline bt_bb_shape_inherit bt_bb_target_self bt_bb_align_inherit\" style=\"; --primary-color:#ffffff; --secondary-color:#43729f;\" data-bt-override-class=\"{}\"><a href=\"https:\/\/scientific-wordshop.com\/fr\/contact\/\" target=\"_self\" class=\"bt_bb_link\" title=\"Contactez-moi pour me la poser\"><span class=\"bt_bb_button_text\" >Contactez-moi pour me la poser<\/span><\/a><\/div><\/div><\/div><\/div><\/div><\/div><\/div><!-- cell_inner --><\/div><!-- cell --><\/div><!-- port --><div class=\"bt_bb_section_top_section_coverage_image\"><img decoding=\"async\" src=\"https:\/\/scientific-wordshop.com\/wp-content\/uploads\/2020\/02\/top-cover-3.png\" alt=\"bt_bb_section_top_section_coverage_image\" \/><\/div><div class=\"bt_bb_section_bottom_section_coverage_image\"><img decoding=\"async\" src=\"https:\/\/scientific-wordshop.com\/wp-content\/uploads\/2020\/02\/bottom-cover-4.png\" alt=\"bt_bb_section_bottom_section_coverage_image\" \/><\/div><\/section><\/p>\n","protected":false},"excerpt":{"rendered":"<p>Credibly innovate granular internal or organic sources whereas high standards in web-readiness. Energistically scale future-proof core competencies vis-a-vis impactful experiences. Dramatically synthesize integrated schemas with optimal networks.<\/p>\n","protected":false},"author":1,"featured_media":0,"parent":0,"menu_order":0,"comment_status":"closed","ping_status":"closed","template":"","meta":{"footnotes":""},"class_list":["post-1986","page","type-page","status-publish","hentry"],"yoast_head":"<!-- This site is optimized with the Yoast SEO plugin v27.5 - https:\/\/yoast.com\/product\/yoast-seo-wordpress\/ -->\n<title>Traductrice m\u00e9dicale et pharmaceutique, allemand\/anglais &gt; fran\u00e7ais | FAQ<\/title>\n<meta name=\"description\" content=\"Combien co\u00fbte une traduction m\u00e9dicale fran\u00e7aise\u00a0? Quels sont mes tarifs de traduction\u00a0? Est-ce que je traduis uniquement vers le fran\u00e7ais\u00a0? D\u00e9couvrez-le ici\u00a0!\" \/>\n<meta name=\"robots\" content=\"index, follow, max-snippet:-1, max-image-preview:large, max-video-preview:-1\" \/>\n<link rel=\"canonical\" href=\"https:\/\/scientific-wordshop.com\/fr\/faq\/\" \/>\n<meta property=\"og:locale\" content=\"fr_FR\" \/>\n<meta property=\"og:type\" content=\"article\" \/>\n<meta property=\"og:title\" content=\"Traductrice m\u00e9dicale et pharmaceutique, allemand\/anglais &gt; fran\u00e7ais | FAQ\" \/>\n<meta property=\"og:description\" content=\"Combien co\u00fbte une traduction m\u00e9dicale fran\u00e7aise\u00a0? Quels sont mes tarifs de traduction\u00a0? Est-ce que je traduis uniquement vers le fran\u00e7ais\u00a0? D\u00e9couvrez-le ici\u00a0!\" \/>\n<meta property=\"og:url\" content=\"https:\/\/scientific-wordshop.com\/fr\/faq\/\" \/>\n<meta property=\"og:site_name\" content=\"S\u00e9verine Jacquinot-D\u00e9dier, PhD\" \/>\n<meta property=\"article:modified_time\" content=\"2026-04-17T11:04:58+00:00\" \/>\n<meta name=\"twitter:card\" content=\"summary_large_image\" \/>\n<meta name=\"twitter:label1\" content=\"Dur\u00e9e de lecture estim\u00e9e\" \/>\n\t<meta name=\"twitter:data1\" content=\"5 minutes\" \/>\n<script type=\"application\/ld+json\" class=\"yoast-schema-graph\">{\"@context\":\"https:\\\/\\\/schema.org\",\"@graph\":[{\"@type\":\"WebPage\",\"@id\":\"https:\\\/\\\/scientific-wordshop.com\\\/fr\\\/faq\\\/\",\"url\":\"https:\\\/\\\/scientific-wordshop.com\\\/fr\\\/faq\\\/\",\"name\":\"Traductrice m\u00e9dicale et pharmaceutique, allemand\\\/anglais > fran\u00e7ais | FAQ\",\"isPartOf\":{\"@id\":\"https:\\\/\\\/scientific-wordshop.com\\\/#website\"},\"datePublished\":\"2019-12-30T11:36:54+00:00\",\"dateModified\":\"2026-04-17T11:04:58+00:00\",\"description\":\"Combien co\u00fbte une traduction m\u00e9dicale fran\u00e7aise\u00a0? Quels sont mes tarifs de traduction\u00a0? Est-ce que je traduis uniquement vers le fran\u00e7ais\u00a0? D\u00e9couvrez-le ici\u00a0!\",\"breadcrumb\":{\"@id\":\"https:\\\/\\\/scientific-wordshop.com\\\/fr\\\/faq\\\/#breadcrumb\"},\"inLanguage\":\"fr-FR\",\"potentialAction\":[{\"@type\":\"ReadAction\",\"target\":[\"https:\\\/\\\/scientific-wordshop.com\\\/fr\\\/faq\\\/\"]}]},{\"@type\":\"BreadcrumbList\",\"@id\":\"https:\\\/\\\/scientific-wordshop.com\\\/fr\\\/faq\\\/#breadcrumb\",\"itemListElement\":[{\"@type\":\"ListItem\",\"position\":1,\"name\":\"Home\",\"item\":\"https:\\\/\\\/scientific-wordshop.com\\\/fr\\\/\"},{\"@type\":\"ListItem\",\"position\":2,\"name\":\"FAQ_old\"}]},{\"@type\":\"WebSite\",\"@id\":\"https:\\\/\\\/scientific-wordshop.com\\\/#website\",\"url\":\"https:\\\/\\\/scientific-wordshop.com\\\/\",\"name\":\"S\u00e9verine Jacquinot-D\u00e9dier, PhD\",\"description\":\"French medical writer and translator\",\"potentialAction\":[{\"@type\":\"SearchAction\",\"target\":{\"@type\":\"EntryPoint\",\"urlTemplate\":\"https:\\\/\\\/scientific-wordshop.com\\\/?s={search_term_string}\"},\"query-input\":{\"@type\":\"PropertyValueSpecification\",\"valueRequired\":true,\"valueName\":\"search_term_string\"}}],\"inLanguage\":\"fr-FR\"}]}<\/script>\n<!-- \/ Yoast SEO plugin. -->","yoast_head_json":{"title":"Traductrice m\u00e9dicale et pharmaceutique, allemand\/anglais > fran\u00e7ais | FAQ","description":"Combien co\u00fbte une traduction m\u00e9dicale fran\u00e7aise\u00a0? Quels sont mes tarifs de traduction\u00a0? Est-ce que je traduis uniquement vers le fran\u00e7ais\u00a0? D\u00e9couvrez-le ici\u00a0!","robots":{"index":"index","follow":"follow","max-snippet":"max-snippet:-1","max-image-preview":"max-image-preview:large","max-video-preview":"max-video-preview:-1"},"canonical":"https:\/\/scientific-wordshop.com\/fr\/faq\/","og_locale":"fr_FR","og_type":"article","og_title":"Traductrice m\u00e9dicale et pharmaceutique, allemand\/anglais > fran\u00e7ais | FAQ","og_description":"Combien co\u00fbte une traduction m\u00e9dicale fran\u00e7aise\u00a0? Quels sont mes tarifs de traduction\u00a0? Est-ce que je traduis uniquement vers le fran\u00e7ais\u00a0? D\u00e9couvrez-le ici\u00a0!","og_url":"https:\/\/scientific-wordshop.com\/fr\/faq\/","og_site_name":"S\u00e9verine Jacquinot-D\u00e9dier, PhD","article_modified_time":"2026-04-17T11:04:58+00:00","twitter_card":"summary_large_image","twitter_misc":{"Dur\u00e9e de lecture estim\u00e9e":"5 minutes"},"schema":{"@context":"https:\/\/schema.org","@graph":[{"@type":"WebPage","@id":"https:\/\/scientific-wordshop.com\/fr\/faq\/","url":"https:\/\/scientific-wordshop.com\/fr\/faq\/","name":"Traductrice m\u00e9dicale et pharmaceutique, allemand\/anglais > fran\u00e7ais | FAQ","isPartOf":{"@id":"https:\/\/scientific-wordshop.com\/#website"},"datePublished":"2019-12-30T11:36:54+00:00","dateModified":"2026-04-17T11:04:58+00:00","description":"Combien co\u00fbte une traduction m\u00e9dicale fran\u00e7aise\u00a0? Quels sont mes tarifs de traduction\u00a0? Est-ce que je traduis uniquement vers le fran\u00e7ais\u00a0? D\u00e9couvrez-le ici\u00a0!","breadcrumb":{"@id":"https:\/\/scientific-wordshop.com\/fr\/faq\/#breadcrumb"},"inLanguage":"fr-FR","potentialAction":[{"@type":"ReadAction","target":["https:\/\/scientific-wordshop.com\/fr\/faq\/"]}]},{"@type":"BreadcrumbList","@id":"https:\/\/scientific-wordshop.com\/fr\/faq\/#breadcrumb","itemListElement":[{"@type":"ListItem","position":1,"name":"Home","item":"https:\/\/scientific-wordshop.com\/fr\/"},{"@type":"ListItem","position":2,"name":"FAQ_old"}]},{"@type":"WebSite","@id":"https:\/\/scientific-wordshop.com\/#website","url":"https:\/\/scientific-wordshop.com\/","name":"S\u00e9verine Jacquinot-D\u00e9dier, PhD","description":"French medical writer and translator","potentialAction":[{"@type":"SearchAction","target":{"@type":"EntryPoint","urlTemplate":"https:\/\/scientific-wordshop.com\/?s={search_term_string}"},"query-input":{"@type":"PropertyValueSpecification","valueRequired":true,"valueName":"search_term_string"}}],"inLanguage":"fr-FR"}]}},"_links":{"self":[{"href":"https:\/\/scientific-wordshop.com\/fr\/wp-json\/wp\/v2\/pages\/1986","targetHints":{"allow":["GET"]}}],"collection":[{"href":"https:\/\/scientific-wordshop.com\/fr\/wp-json\/wp\/v2\/pages"}],"about":[{"href":"https:\/\/scientific-wordshop.com\/fr\/wp-json\/wp\/v2\/types\/page"}],"author":[{"embeddable":true,"href":"https:\/\/scientific-wordshop.com\/fr\/wp-json\/wp\/v2\/users\/1"}],"replies":[{"embeddable":true,"href":"https:\/\/scientific-wordshop.com\/fr\/wp-json\/wp\/v2\/comments?post=1986"}],"version-history":[{"count":4,"href":"https:\/\/scientific-wordshop.com\/fr\/wp-json\/wp\/v2\/pages\/1986\/revisions"}],"predecessor-version":[{"id":3410,"href":"https:\/\/scientific-wordshop.com\/fr\/wp-json\/wp\/v2\/pages\/1986\/revisions\/3410"}],"wp:attachment":[{"href":"https:\/\/scientific-wordshop.com\/fr\/wp-json\/wp\/v2\/media?parent=1986"}],"curies":[{"name":"wp","href":"https:\/\/api.w.org\/{rel}","templated":true}]}}