{"id":2092,"date":"2020-12-16T09:45:14","date_gmt":"2020-12-16T09:45:14","guid":{"rendered":"https:\/\/scientific-wordshop.com\/legal-disclosure\/"},"modified":"2024-06-21T15:19:12","modified_gmt":"2024-06-21T15:19:12","slug":"impressum","status":"publish","type":"page","link":"https:\/\/scientific-wordshop.com\/de\/impressum\/","title":{"rendered":"Impressum"},"content":{"rendered":"<p><section id=\"bt_bb_section69e8a1a3ef2b8\" class=\"bt_bb_section bt_bb_color_scheme_11 bt_bb_layout_boxed_1200 bt_bb_vertical_align_top bt_bb_background_overlay_alternate_solid bt_bb_bottom_section_coverage_image bt_bb_section_with_bottom_coverage_image bt_bb_top_spacing_extra_large bt_bb_bottom_spacing_large\" style=\"; --section-primary-color:#ffffff; --section-secondary-color:#43729f;;background-color:#ffffff;\" data-bt-override-class=\"null\"><div class=\"bt_bb_background_image_holder_wrapper\"><div class=\"bt_bb_background_image_holder btLazyLoadBackground bt_bb_parallax\"  data-background_image_src=\"https:\/\/scientific-wordshop.com\/wp-content\/uploads\/2020\/12\/sjd-bg-10.jpg\" data-parallax=\"0.7\" data-parallax-offset=\"0\" data-parallax-zoom-start=\"1\" data-parallax-zoom-end=\"1\" data-parallax-blur-start=\"0\" data-parallax-blur-end=\"0\" data-parallax-opacity-start=\"1\" data-parallax-opacity-end=\"1\" style=\" background-image: url(&#039;https:\/\/scientific-wordshop.com\/wp-content\/plugins\/bold-page-builder\/img\/blank.gif&#039;);\"><\/div><\/div><div class=\"bt_bb_port\"><div class=\"bt_bb_cell\"><div class=\"bt_bb_cell_inner\"><div class=\"bt_bb_row bt_bb_row_width_boxed_1200 bt_bb_row_width_boxed \"  data-bt-override-class=\"{}\"><div class=\"bt_bb_row_holder\" ><div  class=\"bt_bb_column col-xxl-9 col-xl-9 bt_bb_vertical_align_top bt_bb_align_left bt_bb_padding_normal bt_bb_animation_fade_in animate\" style=\"; --column-width:9;\" data-width=\"9\" data-bt-override-class=\"{}\"><div class=\"bt_bb_column_content\"><div class=\"bt_bb_column_content_inner\"><div class=\"bt_bb_separator bt_bb_border_style_none bt_bb_bottom_spacing_normal\" data-bt-override-class=\"null\"><\/div><header class=\"bt_bb_headline bt_bb_font_weight_bold bt_bb_color_scheme_1 bt_bb_dash_none bt_bb_size_inherit bt_bb_align_inherit bt_bb_dash_type_none\" style=\"; --primary-color:#ffffff; --secondary-color:#191919;\" data-bt-override-class=\"{}\"><h1 style=\"font-size:4em\" class=\"bt_bb_headline_tag\"><span class=\"bt_bb_headline_content\"><span>Impressum<\/span><\/span><\/h1><\/header><div class=\"bt_bb_separator bt_bb_border_style_none bt_bb_bottom_spacing_normal\" data-bt-override-class=\"null\"><\/div><\/div><\/div><\/div><div  class=\"bt_bb_column col-xxl-3 col-xl-3 bt_bb_vertical_align_top bt_bb_align_left bt_bb_padding_normal\" style=\"; --column-width:3;\" data-width=\"3\" data-bt-override-class=\"{}\"><div class=\"bt_bb_column_content\"><div class=\"bt_bb_column_content_inner\"><\/div><\/div><\/div><\/div><\/div><\/div><!-- cell_inner --><\/div><!-- cell --><\/div><!-- port --><div class=\"bt_bb_section_bottom_section_coverage_image\"><img decoding=\"async\" src=\"https:\/\/scientific-wordshop.com\/wp-content\/uploads\/2020\/11\/footer-reverse.png\" alt=\"bt_bb_section_bottom_section_coverage_image\" \/><\/div><\/section><section id=\"bt_bb_section69e8a1a3efc44\" class=\"bt_bb_section bt_bb_layout_boxed_1200 bt_bb_vertical_align_top bt_bb_top_spacing_small bt_bb_bottom_spacing_normal\"  data-bt-override-class=\"null\"><div class=\"bt_bb_port\"><div class=\"bt_bb_cell\"><div class=\"bt_bb_cell_inner\"><div class=\"bt_bb_row \"  data-bt-override-class=\"{}\"><div class=\"bt_bb_row_holder\" ><div  class=\"bt_bb_column col-xxl-12 col-xl-12 bt_bb_vertical_align_top bt_bb_align_left bt_bb_padding_normal\" style=\"; --column-width:12;\" data-width=\"12\" data-bt-override-class=\"{}\"><div class=\"bt_bb_column_content\"><div class=\"bt_bb_column_content_inner\"><div  class=\"bt_bb_text\" ><\/p>\n<p>Dr. S\u00e9verine Jacquinot-D\u00e9dier<\/p>\n<p>Scientific Wordshop<br \/>\nS\u00e4mannstr. 1d<br \/>\n82166 Gr\u00e4felfing<br \/>\nDeutschland<\/p>\n<p><strong>Rechtsform:<\/strong><\/p>\n<p>Freiberufliche \u00dcbersetzerin<\/p>\n<p><strong>Kontakt:<\/strong><\/p>\n<p>Telefon: +49 172 4735580<\/p>\n<p>E-Mail: contact@scientific-wordshop.com<\/p>\n<p><strong>Umsatzsteuer-Identifikationsnummer gem\u00e4\u00df \u00a727 a Umsatzsteuergesetz:<\/strong><\/p>\n<p>DE287351255<\/p>\n<p><strong>Verantwortlich f\u00fcr den Inhalt nach \u00a7 55 Abs. 2 RStV:<\/strong><\/p>\n<p>S\u00e9verine Jacquinot-D\u00e9dier<\/p>\n<p><strong>Berufshaftpflichtversicherungen<\/strong><\/p>\n<p>Die Haftpflichtkasse VVaG, Darmst\u00e4dter Str. 103, 64380 Ro\u00dfdorf<br \/>\nAIG Europe S.A., Neue Mainzer Str. 46-50, 60311 Frankfurt\/Main<br \/>\nR\u00e4umlicher Geltungsbereich: weltweit<\/p>\n<p><strong>Mitgliedschaften<\/strong><\/p>\n<p>Mitglied im DV\u00dcD \u2013 Deutscher Verband der freien \u00dcbersetzer und Dolmetscher e.\u00a0V.<br \/>\nGro\u00dfe Hamburger Stra\u00dfe 28, 10115 Berlin, Deutschland<br \/>\nTelefon: +49 30 8876 4507<br \/>\nMitglied in der SFT \u2013 Soci\u00e9t\u00e9 fran\u00e7aise des traducteurs<br \/>\n109 rue du Faubourg-Saint-Honor\u00e9, 75008 Paris, Frankreich<br \/>\nTelefon: +33 3 29 46 46 34<\/p>\n<p><strong>Website-Hosting<br \/>\n<\/strong><\/p>\n<p>Strato<br \/>\nUmsatzsteuer-Identifikationsnummer: DE\u00a0211\u00a0045\u00a0709<br \/>\nPascalstra\u00dfe 10, 10587 Berlin, Deutschland<br \/>\nTelefon: +49 30-300 146 0<br \/>\nE-Mail: <a href=\"mailto:impressum@strato.de\">impressum@strato.de<\/a><\/p>\n<h5>Haftungsausschluss (Disclaimer)<\/h5>\n<p><strong>Haftung f\u00fcr Inhalte<\/strong><\/p>\n<p>Diese Website wurde mit gr\u00f6\u00dftm\u00f6glicher Sorgfalt erstellt. F\u00fcr die Richtigkeit, Vollst\u00e4ndigkeit und Aktualit\u00e4t der Inhalte \u00fcbernehme ich jedoch keine Gew\u00e4hr. Ich bin f\u00fcr eigene Inhalte nach den allgemeinen gesetzlichen Regelungen verantwortlich. Von mir lediglich \u00fcbermittelte oder gespeicherte Fremdinformationen werden von mir nicht \u00fcberwacht oder gezielt auf rechtswidrige Inhalte untersucht. Sollten Ihnen mutma\u00dflich rechtswidrige Inhalte auf dieser Website auffallen, so setzen Sie mich bitte dar\u00fcber in Kenntnis. Ich werde diese \u00fcberpr\u00fcfen und ggf. nach einer angemessenen Frist l\u00f6schen.<\/p>\n<p><strong>Haftung f\u00fcr Links<\/strong><\/p>\n<p>Ich habe keinen Einfluss auf verlinkte Inhalte zu Websites Dritter und \u00fcbernehme f\u00fcr solche keine Haftung. F\u00fcr verlinkte Inhalte sind die jeweiligen Seitenbetreiber selbst verantwortlich. Sofern ich selbst Verlinkungen setze, habe ich zu dem Zeitpunkt der Verlinkung die dort hinterlegten Inhalte gewissenhaft auf m\u00f6gliche Verst\u00f6\u00dfe \u00fcberpr\u00fcft und keine Rechtsverst\u00f6\u00dfe festgestellt. Mich trifft keine Verpflichtung zur fortlaufenden Kontrolle der Inhalte zu verlinkten Seiten. Werde ich \u00fcber eine Rechtsverletzung in Kenntnis gesetzt, so werde ich diese Verlinkung \u00fcberpr\u00fcfen und ggf. nach einer angemessenen Frist l\u00f6schen.<\/p>\n<p><strong>Urheberrecht<\/strong><\/p>\n<p>Alle Inhalte (Grafiken, Texte, Videos) auf dieser Website sind entweder selbst erstellt oder wurden von Dritten unter Einr\u00e4umung der entsprechenden Nutzungsrechte zur Verf\u00fcgung gestellt und unterliegen allesamt dem Urheberrechtsgesetz (UrhG). Das Vervielf\u00e4ltigen, Bearbeiten, Verbreiten, \u00f6ffentliche Zug\u00e4nglichmachen und weitere Arten der Verwertung bed\u00fcrfen der Zustimmung des jeweiligen Urhebers. Sofern Sie an einer Nutzung von Inhalten interessiert sind, k\u00f6nnen Sie gerne vorher Kontakt mit mir aufnehmen. Sollten Sie auf eine Urheberrechtsverletzung auf dieser Website aufmerksam werden, setzen Sie mich bitte dar\u00fcber in Kenntnis, damit ich den Versto\u00df pr\u00fcfen und entsprechende Ma\u00dfnahmen treffen kann.<\/p>\n<p>\n<\/div><\/div><\/div><\/div><\/div><\/div><\/div><!-- cell_inner --><\/div><!-- cell --><\/div><!-- port --><\/section><\/p>\n","protected":false},"excerpt":{"rendered":"","protected":false},"author":1,"featured_media":0,"parent":0,"menu_order":0,"comment_status":"closed","ping_status":"closed","template":"","meta":{"footnotes":""},"class_list":["post-2092","page","type-page","status-publish","hentry"],"yoast_head":"<!-- This site is optimized with the Yoast SEO plugin v27.4 - https:\/\/yoast.com\/product\/yoast-seo-wordpress\/ -->\n<title>Impressum - S\u00e9verine Jacquinot-D\u00e9dier, PhD<\/title>\n<meta name=\"robots\" content=\"noindex, follow\" \/>\n<meta property=\"og:locale\" content=\"de_DE\" \/>\n<meta property=\"og:type\" content=\"article\" \/>\n<meta property=\"og:title\" content=\"Impressum - S\u00e9verine Jacquinot-D\u00e9dier, PhD\" \/>\n<meta property=\"og:url\" content=\"https:\/\/scientific-wordshop.com\/de\/impressum\/\" \/>\n<meta property=\"og:site_name\" content=\"S\u00e9verine Jacquinot-D\u00e9dier, PhD\" \/>\n<meta property=\"article:modified_time\" content=\"2024-06-21T15:19:12+00:00\" \/>\n<meta name=\"twitter:card\" content=\"summary_large_image\" \/>\n<meta name=\"twitter:label1\" content=\"Gesch\u00e4tzte Lesezeit\" \/>\n\t<meta name=\"twitter:data1\" content=\"4\u00a0Minuten\" \/>\n<script type=\"application\/ld+json\" class=\"yoast-schema-graph\">{\"@context\":\"https:\\\/\\\/schema.org\",\"@graph\":[{\"@type\":\"WebPage\",\"@id\":\"https:\\\/\\\/scientific-wordshop.com\\\/de\\\/impressum\\\/\",\"url\":\"https:\\\/\\\/scientific-wordshop.com\\\/de\\\/impressum\\\/\",\"name\":\"Impressum - S\u00e9verine Jacquinot-D\u00e9dier, PhD\",\"isPartOf\":{\"@id\":\"https:\\\/\\\/scientific-wordshop.com\\\/#website\"},\"datePublished\":\"2020-12-16T09:45:14+00:00\",\"dateModified\":\"2024-06-21T15:19:12+00:00\",\"breadcrumb\":{\"@id\":\"https:\\\/\\\/scientific-wordshop.com\\\/de\\\/impressum\\\/#breadcrumb\"},\"inLanguage\":\"de\",\"potentialAction\":[{\"@type\":\"ReadAction\",\"target\":[\"https:\\\/\\\/scientific-wordshop.com\\\/de\\\/impressum\\\/\"]}]},{\"@type\":\"BreadcrumbList\",\"@id\":\"https:\\\/\\\/scientific-wordshop.com\\\/de\\\/impressum\\\/#breadcrumb\",\"itemListElement\":[{\"@type\":\"ListItem\",\"position\":1,\"name\":\"Home\",\"item\":\"https:\\\/\\\/scientific-wordshop.com\\\/\"},{\"@type\":\"ListItem\",\"position\":2,\"name\":\"Impressum\"}]},{\"@type\":\"WebSite\",\"@id\":\"https:\\\/\\\/scientific-wordshop.com\\\/#website\",\"url\":\"https:\\\/\\\/scientific-wordshop.com\\\/\",\"name\":\"S\u00e9verine Jacquinot-D\u00e9dier, PhD\",\"description\":\"French medical writer and translator\",\"potentialAction\":[{\"@type\":\"SearchAction\",\"target\":{\"@type\":\"EntryPoint\",\"urlTemplate\":\"https:\\\/\\\/scientific-wordshop.com\\\/?s={search_term_string}\"},\"query-input\":{\"@type\":\"PropertyValueSpecification\",\"valueRequired\":true,\"valueName\":\"search_term_string\"}}],\"inLanguage\":\"de\"}]}<\/script>\n<!-- \/ Yoast SEO plugin. -->","yoast_head_json":{"title":"Impressum - S\u00e9verine Jacquinot-D\u00e9dier, PhD","robots":{"index":"noindex","follow":"follow"},"og_locale":"de_DE","og_type":"article","og_title":"Impressum - S\u00e9verine Jacquinot-D\u00e9dier, PhD","og_url":"https:\/\/scientific-wordshop.com\/de\/impressum\/","og_site_name":"S\u00e9verine Jacquinot-D\u00e9dier, PhD","article_modified_time":"2024-06-21T15:19:12+00:00","twitter_card":"summary_large_image","twitter_misc":{"Gesch\u00e4tzte Lesezeit":"4\u00a0Minuten"},"schema":{"@context":"https:\/\/schema.org","@graph":[{"@type":"WebPage","@id":"https:\/\/scientific-wordshop.com\/de\/impressum\/","url":"https:\/\/scientific-wordshop.com\/de\/impressum\/","name":"Impressum - S\u00e9verine Jacquinot-D\u00e9dier, PhD","isPartOf":{"@id":"https:\/\/scientific-wordshop.com\/#website"},"datePublished":"2020-12-16T09:45:14+00:00","dateModified":"2024-06-21T15:19:12+00:00","breadcrumb":{"@id":"https:\/\/scientific-wordshop.com\/de\/impressum\/#breadcrumb"},"inLanguage":"de","potentialAction":[{"@type":"ReadAction","target":["https:\/\/scientific-wordshop.com\/de\/impressum\/"]}]},{"@type":"BreadcrumbList","@id":"https:\/\/scientific-wordshop.com\/de\/impressum\/#breadcrumb","itemListElement":[{"@type":"ListItem","position":1,"name":"Home","item":"https:\/\/scientific-wordshop.com\/"},{"@type":"ListItem","position":2,"name":"Impressum"}]},{"@type":"WebSite","@id":"https:\/\/scientific-wordshop.com\/#website","url":"https:\/\/scientific-wordshop.com\/","name":"S\u00e9verine Jacquinot-D\u00e9dier, PhD","description":"French medical writer and translator","potentialAction":[{"@type":"SearchAction","target":{"@type":"EntryPoint","urlTemplate":"https:\/\/scientific-wordshop.com\/?s={search_term_string}"},"query-input":{"@type":"PropertyValueSpecification","valueRequired":true,"valueName":"search_term_string"}}],"inLanguage":"de"}]}},"_links":{"self":[{"href":"https:\/\/scientific-wordshop.com\/de\/wp-json\/wp\/v2\/pages\/2092","targetHints":{"allow":["GET"]}}],"collection":[{"href":"https:\/\/scientific-wordshop.com\/de\/wp-json\/wp\/v2\/pages"}],"about":[{"href":"https:\/\/scientific-wordshop.com\/de\/wp-json\/wp\/v2\/types\/page"}],"author":[{"embeddable":true,"href":"https:\/\/scientific-wordshop.com\/de\/wp-json\/wp\/v2\/users\/1"}],"replies":[{"embeddable":true,"href":"https:\/\/scientific-wordshop.com\/de\/wp-json\/wp\/v2\/comments?post=2092"}],"version-history":[{"count":3,"href":"https:\/\/scientific-wordshop.com\/de\/wp-json\/wp\/v2\/pages\/2092\/revisions"}],"predecessor-version":[{"id":2352,"href":"https:\/\/scientific-wordshop.com\/de\/wp-json\/wp\/v2\/pages\/2092\/revisions\/2352"}],"wp:attachment":[{"href":"https:\/\/scientific-wordshop.com\/de\/wp-json\/wp\/v2\/media?parent=2092"}],"curies":[{"name":"wp","href":"https:\/\/api.w.org\/{rel}","templated":true}]}}