{"id":2074,"date":"2019-12-30T11:14:59","date_gmt":"2019-12-30T11:14:59","guid":{"rendered":"https:\/\/scientific-wordshop.com\/contact\/"},"modified":"2026-04-17T11:27:57","modified_gmt":"2026-04-17T11:27:57","slug":"kontakt","status":"publish","type":"page","link":"https:\/\/scientific-wordshop.com\/de\/kontakt\/","title":{"rendered":"Kontakt_old"},"content":{"rendered":"<p><section id=\"bt_bb_section69e8b3741e6b4\" class=\"bt_bb_section bt_bb_color_scheme_11 bt_bb_layout_boxed_1200 bt_bb_vertical_align_top bt_bb_background_overlay_alternate_solid bt_bb_bottom_section_coverage_image bt_bb_section_with_bottom_coverage_image bt_bb_top_spacing_extra_large bt_bb_bottom_spacing_extra_large\" style=\"; --section-primary-color:#ffffff; --section-secondary-color:#43729f;;background-color:#ffffff;\" data-bt-override-class=\"null\"><div class=\"bt_bb_background_image_holder_wrapper\"><div class=\"bt_bb_background_image_holder btLazyLoadBackground bt_bb_parallax\"  data-background_image_src=\"https:\/\/scientific-wordshop.com\/wp-content\/uploads\/2020\/12\/sjd-bg-6.jpg\" data-parallax=\"0.7\" data-parallax-offset=\"0\" data-parallax-zoom-start=\"1\" data-parallax-zoom-end=\"1\" data-parallax-blur-start=\"0\" data-parallax-blur-end=\"0\" data-parallax-opacity-start=\"1\" data-parallax-opacity-end=\"1\" style=\" background-image: url(&#039;https:\/\/scientific-wordshop.com\/wp-content\/plugins\/bold-page-builder\/img\/blank.gif&#039;);\"><\/div><\/div><div class=\"bt_bb_port\"><div class=\"bt_bb_cell\"><div class=\"bt_bb_cell_inner\"><div class=\"bt_bb_row bt_bb_row_width_boxed_1200 bt_bb_row_width_boxed \"  data-bt-override-class=\"{}\"><div class=\"bt_bb_row_holder\" ><div  class=\"bt_bb_column col-xxl-12 col-xl-12 bt_bb_vertical_align_top bt_bb_align_left bt_bb_padding_normal bt_bb_animation_fade_in animate\" style=\"; --column-width:12;\" data-width=\"12\" data-bt-override-class=\"{}\"><div class=\"bt_bb_column_content\"><div class=\"bt_bb_column_content_inner\"><div class=\"bt_bb_separator bt_bb_border_style_none bt_bb_top_spacing_normal\" data-bt-override-class=\"null\"><\/div><header class=\"bt_bb_headline bt_bb_font_weight_bold bt_bb_color_scheme_1 bt_bb_dash_none bt_bb_size_inherit bt_bb_align_inherit bt_bb_dash_type_none\" style=\"; --primary-color:#ffffff; --secondary-color:#191919;\" data-bt-override-class=\"{}\"><h1 style=\"font-size:4em\" class=\"bt_bb_headline_tag\"><span class=\"bt_bb_headline_content\"><span>Earn yourself the finest reputation<br \/><br \/>\nin the French-speaking medical industry<\/span><\/span><\/h1><\/header><div class=\"bt_bb_separator bt_bb_border_style_none bt_bb_top_spacing_small\" data-bt-override-class=\"null\"><\/div><div  class=\"bt_bb_text\" ><\/p>\n<div class=\"bt_bb_text\">\n<div class=\"bt_bb_text\">\n<p><span style=\"color: #ffffff;\"><i>Enquire about German &amp; English into French translation services<\/i><\/span><\/p>\n<\/div>\n<\/div>\n<p>\n<\/div><div class=\"bt_bb_separator bt_bb_border_style_none bt_bb_top_spacing_medium\" data-bt-override-class=\"null\"><\/div><\/div><\/div><\/div><\/div><\/div><div class=\"bt_bb_row \"  data-bt-override-class=\"{}\"><div class=\"bt_bb_row_holder\" ><div  class=\"bt_bb_column col-xxl-12 col-xl-12 bt_bb_vertical_align_top bt_bb_align_left bt_bb_padding_normal\" style=\"; --column-width:12;\" data-width=\"12\" data-bt-override-class=\"{}\"><div class=\"bt_bb_column_content\"><div class=\"bt_bb_column_content_inner\"><\/div><\/div><\/div><\/div><\/div><\/div><!-- cell_inner --><\/div><!-- cell --><\/div><!-- port --><div class=\"bt_bb_section_bottom_section_coverage_image\"><img decoding=\"async\" src=\"https:\/\/scientific-wordshop.com\/wp-content\/uploads\/2020\/11\/footer-reverse.png\" alt=\"bt_bb_section_bottom_section_coverage_image\" \/><\/div><\/section><section id=\"bt_bb_section69e8b3741f342\" class=\"bt_bb_section bt_bb_layout_boxed_1200 bt_bb_vertical_align_top bt_bb_top_spacing_normal bt_bb_bottom_spacing_small bt_bb_section_show_left_boxed_content\"  data-bt-override-class=\"null\"><div class=\"bt_bb_port\"><div class=\"bt_bb_cell\"><div class=\"bt_bb_cell_inner\"><div class=\"bt_bb_row bt_bb_row_width_boxed_1200 bt_bb_row_width_boxed \"  data-bt-override-class=\"{}\"><div class=\"bt_bb_row_holder\" ><div  class=\"bt_bb_column col-xxl-6 col-xl-6 bt_bb_vertical_align_top bt_bb_align_left bt_bb_padding_normal bt_bb_animation_fade_in animate\" style=\"; --column-width:6;\" data-width=\"6\" data-bt-override-class=\"{}\"><div class=\"bt_bb_column_content\"><div class=\"bt_bb_column_content_inner\"><header class=\"bt_bb_headline bt_bb_color_scheme_4 bt_bb_dash_none bt_bb_size_inherit bt_bb_align_left bt_bb_dash_type_none\" style=\"; --primary-color:#3d9aae; --secondary-color:#ffffff;\" data-bt-override-class=\"{}\"><h2 class=\"bt_bb_headline_tag\"><span class=\"bt_bb_headline_content\"><span>If you need French pharmaceutical translations, do not hesitate to get in touch!<br \/><br \/>\n<\/span><\/span><\/h2><\/header><div class=\"bt_bb_separator bt_bb_border_style_none bt_bb_bottom_spacing_small\" data-bt-override-class=\"null\"><\/div><div  class=\"bt_bb_text\" ><\/p>\n<p>I translate demanding contents from drug leaflets to instructions, websites to marketing materials.<\/p>\n<p>Let me translate your medical materials next.<\/p>\n<p>To request a cost estimate or ask me a question, please fill out the contact form below, and I\u2019ll get back to you within 24 hours during week days! Please note: to provide an accurate quote estimate, I will need to see the whole document beforehand.<\/p>\n<p>Please upload your document and provide as much information as possible about your project (previous translations, deadline, format etc.). A NDA can of course be signed before if necessary.<\/p>\n<p>\n<\/div><div class=\"bt_bb_separator bt_bb_border_style_none bt_bb_bottom_spacing_normal\" data-bt-override-class=\"null\"><\/div><header class=\"bt_bb_headline bt_bb_color_scheme_3 bt_bb_dash_none bt_bb_size_large bt_bb_align_inherit bt_bb_dash_type_none\" style=\"; --primary-color:#3d9aae; --secondary-color:#191919;\" data-bt-override-class=\"{}\"><h4 class=\"bt_bb_headline_tag\"><span class=\"bt_bb_headline_content\"><span>You can also connect with me through<\/span><\/span><\/h4><\/header><div class=\"bt_bb_separator bt_bb_border_style_none bt_bb_bottom_spacing_normal\" data-bt-override-class=\"null\"><\/div><div class=\"bt_bb_icon bt_bb_color_scheme_11 bt_bb_style_filled bt_bb_size_xsmall bt_bb_shape_circle bt_bb_target_blank bt_bb_text_empty bt_bb_align_inherit\" style=\"; --primary-color:#ffffff; --secondary-color:#43729f;\" data-bt-override-class=\"{}\"><a href=\"https:\/\/www.linkedin.com\/in\/severine-jacquinot-dedier\/\"  target=\"_blank\"   data-ico-fontawesome5brands=\"&#xf0e1;\" class=\"bt_bb_icon_holder\"><\/a><\/div><div class=\"bt_bb_icon bt_bb_color_scheme_11 bt_bb_style_filled bt_bb_size_xsmall bt_bb_shape_circle bt_bb_target_blank bt_bb_text_empty bt_bb_align_inherit\" style=\"; --primary-color:#ffffff; --secondary-color:#43729f;\" data-bt-override-class=\"{}\"><a href=\"https:\/\/www.xing.com\/profile\/Severine_JacquinotDedier\"  target=\"_blank\"   data-ico-fontawesome=\"&#xf168;\" class=\"bt_bb_icon_holder\"><\/a><\/div><div class=\"bt_bb_icon bt_bb_color_scheme_11 bt_bb_style_filled bt_bb_size_xsmall bt_bb_shape_circle bt_bb_target_blank bt_bb_text_empty bt_bb_align_inherit\" style=\"; --primary-color:#ffffff; --secondary-color:#43729f;\" data-bt-override-class=\"{}\"><a href=\"https:\/\/www.proz.com\/profile\/2147696\"  target=\"_blank\"   data-ico-fontawesome=\"&#xf288;\" class=\"bt_bb_icon_holder\"><\/a><\/div><div class=\"bt_bb_separator bt_bb_border_style_none bt_bb_bottom_spacing_normal\" data-bt-override-class=\"null\"><\/div><\/div><\/div><\/div><div  class=\"bt_bb_column col-xxl-6 col-xl-6 bt_bb_vertical_align_top bt_bb_align_left bt_bb_padding_normal bt_bb_animation_fade_in animate\" style=\"; --column-width:6;\" data-width=\"6\" data-bt-override-class=\"{}\"><div class=\"bt_bb_column_content\"><div class=\"bt_bb_column_content_inner\"><div class=\"bt_bb_contact_form_7\">\n<div class=\"wpcf7 no-js\" id=\"wpcf7-f1030-o1\" lang=\"en-US\" dir=\"ltr\" data-wpcf7-id=\"1030\">\n<div class=\"screen-reader-response\"><p role=\"status\" aria-live=\"polite\" aria-atomic=\"true\"><\/p> <ul><\/ul><\/div>\n<form action=\"\/de\/wp-json\/wp\/v2\/pages\/2074#wpcf7-f1030-o1\" method=\"post\" class=\"wpcf7-form init\" aria-label=\"Contact form\" novalidate=\"novalidate\" data-status=\"init\">\n<fieldset class=\"hidden-fields-container\"><input type=\"hidden\" name=\"_wpcf7\" value=\"1030\" \/><input type=\"hidden\" name=\"_wpcf7_version\" value=\"6.1.5\" \/><input type=\"hidden\" name=\"_wpcf7_locale\" value=\"en_US\" \/><input type=\"hidden\" name=\"_wpcf7_unit_tag\" value=\"wpcf7-f1030-o1\" \/><input type=\"hidden\" name=\"_wpcf7_container_post\" value=\"0\" \/><input type=\"hidden\" name=\"_wpcf7_posted_data_hash\" value=\"\" \/>\n<\/fieldset>\n<p><label> First and last name*<br \/>\n<span class=\"wpcf7-form-control-wrap\" data-name=\"your-name\"><input size=\"40\" maxlength=\"400\" class=\"wpcf7-form-control wpcf7-text wpcf7-validates-as-required\" aria-required=\"true\" aria-invalid=\"false\" value=\"\" type=\"text\" name=\"your-name\" \/><\/span> <\/label>\n<\/p>\n<p><label> Company<br \/>\n<span class=\"wpcf7-form-control-wrap\" data-name=\"text-837\"><input size=\"40\" maxlength=\"400\" class=\"wpcf7-form-control wpcf7-text\" aria-invalid=\"false\" value=\"\" type=\"text\" name=\"text-837\" \/><\/span> <\/label>\n<\/p>\n<p><label> Email*<br \/>\n<span class=\"wpcf7-form-control-wrap\" data-name=\"your-email\"><input size=\"40\" maxlength=\"400\" class=\"wpcf7-form-control wpcf7-email wpcf7-validates-as-required wpcf7-text wpcf7-validates-as-email\" aria-required=\"true\" aria-invalid=\"false\" value=\"\" type=\"email\" name=\"your-email\" \/><\/span> <\/label>\n<\/p>\n<p><label> Phone<br \/>\n<span class=\"wpcf7-form-control-wrap\" data-name=\"tel-585\"><input size=\"40\" maxlength=\"400\" class=\"wpcf7-form-control wpcf7-tel wpcf7-text wpcf7-validates-as-tel\" aria-invalid=\"false\" value=\"\" type=\"tel\" name=\"tel-585\" \/><\/span> <\/label>\n<\/p>\n<p><label> How can I help you?* (Describe your project, objectives, deadlines, languages...)<br \/>\n<span class=\"wpcf7-form-control-wrap\" data-name=\"your-message\"><textarea cols=\"40\" rows=\"3\" maxlength=\"2000\" class=\"wpcf7-form-control wpcf7-textarea wpcf7-validates-as-required\" aria-required=\"true\" aria-invalid=\"false\" name=\"your-message\"><\/textarea><\/span> <\/label>\n<\/p>\n<p><label> How did you hear about me?*<br \/>\n<span class=\"wpcf7-form-control-wrap\" data-name=\"your-message\"><textarea cols=\"40\" rows=\"1\" maxlength=\"2000\" class=\"wpcf7-form-control wpcf7-textarea wpcf7-validates-as-required\" aria-required=\"true\" aria-invalid=\"false\" name=\"your-message\"><\/textarea><\/span> <\/label>\n<\/p>\n<p><input type=\"hidden\" name=\"_wpcf7_captcha_challenge_captcha-1\" value=\"817361906\" \/><img loading=\"lazy\" decoding=\"async\" class=\"wpcf7-form-control wpcf7-captchac wpcf7-captcha-captcha-1\" width=\"72\" height=\"24\" alt=\"captcha\" src=\"https:\/\/scientific-wordshop.com\/wp-content\/uploads\/wpcf7_captcha\/817361906.png\" \/><br \/>\n<span class=\"wpcf7-form-control-wrap\" data-name=\"captcha-1\"><input size=\"40\" class=\"wpcf7-form-control wpcf7-captchar\" autocomplete=\"off\" aria-invalid=\"false\" value=\"\" type=\"text\" name=\"captcha-1\" \/><\/span>\n<\/p>\n<p><span class=\"wpcf7-form-control-wrap\" data-name=\"acceptance-526\"><span class=\"wpcf7-form-control wpcf7-acceptance\"><span class=\"wpcf7-list-item\"><label><input type=\"checkbox\" name=\"acceptance-526\" value=\"1\" aria-invalid=\"false\" \/><span class=\"wpcf7-list-item-label\">I accept the privacy policy.<\/span><\/label><\/span><\/span><\/span>\n<\/p>\n<p><input class=\"wpcf7-form-control wpcf7-submit has-spinner\" type=\"submit\" value=\"Send\" \/>\n<\/p><div class=\"wpcf7-response-output\" aria-hidden=\"true\"><\/div>\n<\/form>\n<\/div>\n<\/div><div class=\"bt_bb_separator bt_bb_border_style_none bt_bb_bottom_spacing_normal\" data-bt-override-class=\"null\"><\/div><\/div><\/div><\/div><\/div><\/div><\/div><!-- cell_inner --><\/div><!-- cell --><\/div><!-- port --><\/section><\/p>\n","protected":false},"excerpt":{"rendered":"<p>Progressively maintain extensive infomediaries via extensible niches. Dramatically disseminate standardized metrics after resource-leveling processes. Objectively pursue diverse catalysts for change for interoperable meta-services.<\/p>\n","protected":false},"author":1,"featured_media":0,"parent":0,"menu_order":0,"comment_status":"closed","ping_status":"closed","template":"","meta":{"footnotes":""},"class_list":["post-2074","page","type-page","status-publish","hentry"],"yoast_head":"<!-- This site is optimized with the Yoast SEO plugin v27.4 - https:\/\/yoast.com\/product\/yoast-seo-wordpress\/ -->\n<title>Pharmazeutische \u00dcbersetzungen ins Franz\u00f6sische| Dr. S\u00e9verine Jacquinot-D\u00e9dier<\/title>\n<meta name=\"description\" content=\"Beauftragen Sie heute eine pharmazeutische \u00dcbersetzung ins Franz\u00f6sische! Ich kann Ihnen bei medizinischen Unterlagen helfen, wie z.B. Arzneimittelinformationen, Anweisungen, Webseiten und Werbematerialen.\" \/>\n<meta name=\"robots\" content=\"index, follow, max-snippet:-1, max-image-preview:large, max-video-preview:-1\" \/>\n<link rel=\"canonical\" href=\"https:\/\/scientific-wordshop.com\/de\/kontakt\/\" \/>\n<meta property=\"og:locale\" content=\"de_DE\" \/>\n<meta property=\"og:type\" content=\"article\" \/>\n<meta property=\"og:title\" content=\"Pharmazeutische \u00dcbersetzungen ins Franz\u00f6sische| Dr. S\u00e9verine Jacquinot-D\u00e9dier\" \/>\n<meta property=\"og:description\" content=\"Beauftragen Sie heute eine pharmazeutische \u00dcbersetzung ins Franz\u00f6sische! Ich kann Ihnen bei medizinischen Unterlagen helfen, wie z.B. Arzneimittelinformationen, Anweisungen, Webseiten und Werbematerialen.\" \/>\n<meta property=\"og:url\" content=\"https:\/\/scientific-wordshop.com\/de\/kontakt\/\" \/>\n<meta property=\"og:site_name\" content=\"S\u00e9verine Jacquinot-D\u00e9dier, PhD\" \/>\n<meta property=\"article:modified_time\" content=\"2026-04-17T11:27:57+00:00\" \/>\n<meta name=\"twitter:card\" content=\"summary_large_image\" \/>\n<meta name=\"twitter:label1\" content=\"Gesch\u00e4tzte Lesezeit\" \/>\n\t<meta name=\"twitter:data1\" content=\"5\u00a0Minuten\" \/>\n<script type=\"application\/ld+json\" class=\"yoast-schema-graph\">{\"@context\":\"https:\\\/\\\/schema.org\",\"@graph\":[{\"@type\":\"WebPage\",\"@id\":\"https:\\\/\\\/scientific-wordshop.com\\\/de\\\/kontakt\\\/\",\"url\":\"https:\\\/\\\/scientific-wordshop.com\\\/de\\\/kontakt\\\/\",\"name\":\"Pharmazeutische \u00dcbersetzungen ins Franz\u00f6sische| Dr. S\u00e9verine Jacquinot-D\u00e9dier\",\"isPartOf\":{\"@id\":\"https:\\\/\\\/scientific-wordshop.com\\\/#website\"},\"datePublished\":\"2019-12-30T11:14:59+00:00\",\"dateModified\":\"2026-04-17T11:27:57+00:00\",\"description\":\"Beauftragen Sie heute eine pharmazeutische \u00dcbersetzung ins Franz\u00f6sische! Ich kann Ihnen bei medizinischen Unterlagen helfen, wie z.B. Arzneimittelinformationen, Anweisungen, Webseiten und Werbematerialen.\",\"breadcrumb\":{\"@id\":\"https:\\\/\\\/scientific-wordshop.com\\\/de\\\/kontakt\\\/#breadcrumb\"},\"inLanguage\":\"de\",\"potentialAction\":[{\"@type\":\"ReadAction\",\"target\":[\"https:\\\/\\\/scientific-wordshop.com\\\/de\\\/kontakt\\\/\"]}]},{\"@type\":\"BreadcrumbList\",\"@id\":\"https:\\\/\\\/scientific-wordshop.com\\\/de\\\/kontakt\\\/#breadcrumb\",\"itemListElement\":[{\"@type\":\"ListItem\",\"position\":1,\"name\":\"Home\",\"item\":\"https:\\\/\\\/scientific-wordshop.com\\\/\"},{\"@type\":\"ListItem\",\"position\":2,\"name\":\"Kontakt_old\"}]},{\"@type\":\"WebSite\",\"@id\":\"https:\\\/\\\/scientific-wordshop.com\\\/#website\",\"url\":\"https:\\\/\\\/scientific-wordshop.com\\\/\",\"name\":\"S\u00e9verine Jacquinot-D\u00e9dier, PhD\",\"description\":\"French medical writer and translator\",\"potentialAction\":[{\"@type\":\"SearchAction\",\"target\":{\"@type\":\"EntryPoint\",\"urlTemplate\":\"https:\\\/\\\/scientific-wordshop.com\\\/?s={search_term_string}\"},\"query-input\":{\"@type\":\"PropertyValueSpecification\",\"valueRequired\":true,\"valueName\":\"search_term_string\"}}],\"inLanguage\":\"de\"}]}<\/script>\n<!-- \/ Yoast SEO plugin. -->","yoast_head_json":{"title":"Pharmazeutische \u00dcbersetzungen ins Franz\u00f6sische| Dr. S\u00e9verine Jacquinot-D\u00e9dier","description":"Beauftragen Sie heute eine pharmazeutische \u00dcbersetzung ins Franz\u00f6sische! Ich kann Ihnen bei medizinischen Unterlagen helfen, wie z.B. Arzneimittelinformationen, Anweisungen, Webseiten und Werbematerialen.","robots":{"index":"index","follow":"follow","max-snippet":"max-snippet:-1","max-image-preview":"max-image-preview:large","max-video-preview":"max-video-preview:-1"},"canonical":"https:\/\/scientific-wordshop.com\/de\/kontakt\/","og_locale":"de_DE","og_type":"article","og_title":"Pharmazeutische \u00dcbersetzungen ins Franz\u00f6sische| Dr. S\u00e9verine Jacquinot-D\u00e9dier","og_description":"Beauftragen Sie heute eine pharmazeutische \u00dcbersetzung ins Franz\u00f6sische! Ich kann Ihnen bei medizinischen Unterlagen helfen, wie z.B. Arzneimittelinformationen, Anweisungen, Webseiten und Werbematerialen.","og_url":"https:\/\/scientific-wordshop.com\/de\/kontakt\/","og_site_name":"S\u00e9verine Jacquinot-D\u00e9dier, PhD","article_modified_time":"2026-04-17T11:27:57+00:00","twitter_card":"summary_large_image","twitter_misc":{"Gesch\u00e4tzte Lesezeit":"5\u00a0Minuten"},"schema":{"@context":"https:\/\/schema.org","@graph":[{"@type":"WebPage","@id":"https:\/\/scientific-wordshop.com\/de\/kontakt\/","url":"https:\/\/scientific-wordshop.com\/de\/kontakt\/","name":"Pharmazeutische \u00dcbersetzungen ins Franz\u00f6sische| Dr. S\u00e9verine Jacquinot-D\u00e9dier","isPartOf":{"@id":"https:\/\/scientific-wordshop.com\/#website"},"datePublished":"2019-12-30T11:14:59+00:00","dateModified":"2026-04-17T11:27:57+00:00","description":"Beauftragen Sie heute eine pharmazeutische \u00dcbersetzung ins Franz\u00f6sische! Ich kann Ihnen bei medizinischen Unterlagen helfen, wie z.B. Arzneimittelinformationen, Anweisungen, Webseiten und Werbematerialen.","breadcrumb":{"@id":"https:\/\/scientific-wordshop.com\/de\/kontakt\/#breadcrumb"},"inLanguage":"de","potentialAction":[{"@type":"ReadAction","target":["https:\/\/scientific-wordshop.com\/de\/kontakt\/"]}]},{"@type":"BreadcrumbList","@id":"https:\/\/scientific-wordshop.com\/de\/kontakt\/#breadcrumb","itemListElement":[{"@type":"ListItem","position":1,"name":"Home","item":"https:\/\/scientific-wordshop.com\/"},{"@type":"ListItem","position":2,"name":"Kontakt_old"}]},{"@type":"WebSite","@id":"https:\/\/scientific-wordshop.com\/#website","url":"https:\/\/scientific-wordshop.com\/","name":"S\u00e9verine Jacquinot-D\u00e9dier, PhD","description":"French medical writer and translator","potentialAction":[{"@type":"SearchAction","target":{"@type":"EntryPoint","urlTemplate":"https:\/\/scientific-wordshop.com\/?s={search_term_string}"},"query-input":{"@type":"PropertyValueSpecification","valueRequired":true,"valueName":"search_term_string"}}],"inLanguage":"de"}]}},"_links":{"self":[{"href":"https:\/\/scientific-wordshop.com\/de\/wp-json\/wp\/v2\/pages\/2074","targetHints":{"allow":["GET"]}}],"collection":[{"href":"https:\/\/scientific-wordshop.com\/de\/wp-json\/wp\/v2\/pages"}],"about":[{"href":"https:\/\/scientific-wordshop.com\/de\/wp-json\/wp\/v2\/types\/page"}],"author":[{"embeddable":true,"href":"https:\/\/scientific-wordshop.com\/de\/wp-json\/wp\/v2\/users\/1"}],"replies":[{"embeddable":true,"href":"https:\/\/scientific-wordshop.com\/de\/wp-json\/wp\/v2\/comments?post=2074"}],"version-history":[{"count":4,"href":"https:\/\/scientific-wordshop.com\/de\/wp-json\/wp\/v2\/pages\/2074\/revisions"}],"predecessor-version":[{"id":3463,"href":"https:\/\/scientific-wordshop.com\/de\/wp-json\/wp\/v2\/pages\/2074\/revisions\/3463"}],"wp:attachment":[{"href":"https:\/\/scientific-wordshop.com\/de\/wp-json\/wp\/v2\/media?parent=2074"}],"curies":[{"name":"wp","href":"https:\/\/api.w.org\/{rel}","templated":true}]}}