{"id":2071,"date":"2019-12-30T11:36:54","date_gmt":"2019-12-30T11:36:54","guid":{"rendered":"https:\/\/scientific-wordshop.com\/faq\/"},"modified":"2026-04-17T11:06:10","modified_gmt":"2026-04-17T11:06:10","slug":"faq","status":"publish","type":"page","link":"https:\/\/scientific-wordshop.com\/de\/faq\/","title":{"rendered":"FAQ"},"content":{"rendered":"<p><section id=\"bt_bb_section69f28330627d4\" class=\"bt_bb_section bt_bb_color_scheme_11 bt_bb_layout_boxed_1200 bt_bb_vertical_align_top bt_bb_background_overlay_alternate_solid bt_bb_bottom_section_coverage_image bt_bb_section_with_bottom_coverage_image bt_bb_top_spacing_extra_large bt_bb_bottom_spacing_large\" style=\"; --section-primary-color:#ffffff; --section-secondary-color:#43729f;;background-color:#ffffff;\" data-bt-override-class=\"null\"><div class=\"bt_bb_background_image_holder_wrapper\"><div class=\"bt_bb_background_image_holder btLazyLoadBackground bt_bb_parallax\"  data-background_image_src=\"https:\/\/scientific-wordshop.com\/wp-content\/uploads\/2020\/12\/sjd-bg-10.jpg\" data-parallax=\"0.7\" data-parallax-offset=\"0\" data-parallax-zoom-start=\"1\" data-parallax-zoom-end=\"1\" data-parallax-blur-start=\"0\" data-parallax-blur-end=\"0\" data-parallax-opacity-start=\"1\" data-parallax-opacity-end=\"1\" style=\" background-image: url(&#039;https:\/\/scientific-wordshop.com\/wp-content\/plugins\/bold-page-builder\/img\/blank.gif&#039;);\"><\/div><\/div><div class=\"bt_bb_port\"><div class=\"bt_bb_cell\"><div class=\"bt_bb_cell_inner\"><div class=\"bt_bb_row bt_bb_row_width_boxed_1200 bt_bb_row_width_boxed \"  data-bt-override-class=\"{}\"><div class=\"bt_bb_row_holder\" ><div  class=\"bt_bb_column col-xxl-9 col-xl-9 bt_bb_vertical_align_top bt_bb_align_left bt_bb_padding_normal bt_bb_animation_fade_in animate\" style=\"; --column-width:9;\" data-width=\"9\" data-bt-override-class=\"{}\"><div class=\"bt_bb_column_content\"><div class=\"bt_bb_column_content_inner\"><div class=\"bt_bb_separator bt_bb_border_style_none bt_bb_bottom_spacing_normal\" data-bt-override-class=\"null\"><\/div><header class=\"bt_bb_headline bt_bb_font_weight_bold bt_bb_color_scheme_1 bt_bb_dash_none bt_bb_size_inherit bt_bb_align_inherit bt_bb_dash_type_none\" style=\"; --primary-color:#ffffff; --secondary-color:#191919;\" data-bt-override-class=\"{}\"><h1 style=\"font-size:4em\" class=\"bt_bb_headline_tag\"><span class=\"bt_bb_headline_content\"><span>Frequently asked questions<\/span><\/span><\/h1><\/header><div class=\"bt_bb_separator bt_bb_border_style_none bt_bb_top_spacing_small\" data-bt-override-class=\"null\"><\/div><div  class=\"bt_bb_text\" ><\/p>\n<p><span style=\"color: #ffffff;\"><em>Do you have a question about my services, prices or ethics?<\/em><\/span><\/p>\n<p><span style=\"color: #ffffff;\">Take a look below to see if I\u2019ve already answered your question.<\/span><\/p>\n<p>\n<\/div><div class=\"bt_bb_separator bt_bb_border_style_none bt_bb_top_spacing_small bt_bb_bottom_spacing_large\" data-bt-override-class=\"null\"><\/div><\/div><\/div><\/div><div  class=\"bt_bb_column col-xxl-3 col-xl-3 bt_bb_vertical_align_top bt_bb_align_left bt_bb_padding_normal\" style=\"; --column-width:3;\" data-width=\"3\" data-bt-override-class=\"{}\"><div class=\"bt_bb_column_content\"><div class=\"bt_bb_column_content_inner\"><\/div><\/div><\/div><\/div><\/div><\/div><!-- cell_inner --><\/div><!-- cell --><\/div><!-- port --><div class=\"bt_bb_section_bottom_section_coverage_image\"><img decoding=\"async\" src=\"https:\/\/scientific-wordshop.com\/wp-content\/uploads\/2020\/11\/footer-reverse.png\" alt=\"bt_bb_section_bottom_section_coverage_image\" \/><\/div><\/section><section id=\"bt_bb_section69f283306321c\" class=\"bt_bb_section bt_bb_layout_boxed_800 bt_bb_vertical_align_top bt_bb_top_spacing_normal bt_bb_bottom_spacing_medium bt_bb_section_show_left_boxed_content\"  data-bt-override-class=\"null\"><div class=\"bt_bb_port\"><div class=\"bt_bb_cell\"><div class=\"bt_bb_cell_inner\"><div class=\"bt_bb_row \"  data-bt-override-class=\"{}\"><div class=\"bt_bb_row_holder\" ><div  class=\"bt_bb_column col-xxl-12 col-xl-12 bt_bb_vertical_align_top bt_bb_align_left bt_bb_padding_normal\" style=\"; --column-width:12;\" data-width=\"12\" data-bt-override-class=\"{}\"><div class=\"bt_bb_column_content\"><div class=\"bt_bb_column_content_inner\"><div class=\"bt_bb_accordion bt_bb_color_scheme_4 bt_bb_style_outline bt_bb_shape_round\" style=\"; --accordion-primary-color:#3d9aae; --accordion-secondary-color:#ffffff;\"><div class=\"bt_bb_accordion_item\"><div class=\"bt_bb_accordion_item_title\">Why should I pay for a professional translator, when I can use Google Translate for free?<\/div><div class=\"bt_bb_accordion_item_content\"><div  class=\"bt_bb_text\" ><\/p>\n<p>Unlike Google Translate, a professional translator has years of experience in the industry and a comprehensive understanding of the language and its nuances \u2013 that GT simply cannot compete with. GT may produce dubious or incoherent translations that may put the reputation of your brand at stake and even be perilous! Leaving your pharmaceutical product instructions or marketing materials in a professional\u2019s hands is much safer and produces far better results.<\/p>\n<p>\n<\/div><\/div><\/div><div class=\"bt_bb_accordion_item\"><div class=\"bt_bb_accordion_item_title\">You translate into French only \u2013 why?<\/div><div class=\"bt_bb_accordion_item_content\"><div  class=\"bt_bb_text\" ><\/p>\n<p>Any experienced translator will tell you the same thing: all professional translators translate only into their native language. Doing this ensures a flawless translation that sounds native to the target audience.<br \/>\nThis is moreover part of the key principles and good practice of this profession, as stated in particular in the code of conduct of the SFT: \u201cTranslators\u2026 translate solely into their native language or a language in which they are fluent\u2026\u201d<\/p>\n<p>\n<\/div><\/div><\/div><div class=\"bt_bb_accordion_item\"><div class=\"bt_bb_accordion_item_title\">What formats can you deal with?<\/div><div class=\"bt_bb_accordion_item_content\"><div  class=\"bt_bb_text\" ><\/p>\n<p>I work with the following formats, among others: Word, PowerPoint, Excel, InDesign and PDF and many more (please ask if the format you need is not on this list). Scanned PDF or other scanned formats are accepted too. However, scanned documents need to be converted into a translatable format beforehand and request a long final layout step. It is often even not possible to perfectly match the original this way. It is therefore always preferable to work with original editable formats.<\/p>\n<p>\n<\/div><\/div><\/div><div class=\"bt_bb_accordion_item\"><div class=\"bt_bb_accordion_item_title\">Is it possible to track changes in your translation process?<\/div><div class=\"bt_bb_accordion_item_content\"><div  class=\"bt_bb_text\" ><\/p>\n<p>Yes, and I recommend it! Track changes ensures modifications are implemented and allows for more transparency.<\/p>\n<p>\n<\/div><\/div><\/div><div class=\"bt_bb_accordion_item\"><div class=\"bt_bb_accordion_item_title\">How long does a translation take?<\/div><div class=\"bt_bb_accordion_item_content\"><div  class=\"bt_bb_text\" ><\/p>\n<p>Of course, it always depends on the type of project and its word count. For your information, during weekdays, my standard turnaround time is three to four days for short documents (3-4 pages). For urgent projects, I can deliver within 24-48 hours, as long as it does not compromise quality and as the deadline is compatible with the mission, for an additional charge. <a href=\"https:\/\/scientific-wordshop.com\/contact\/\">Contact me to receive an estimate of the delivery time<\/a>.<\/p>\n<p>\n<\/div><\/div><\/div><div class=\"bt_bb_accordion_item\"><div class=\"bt_bb_accordion_item_title\">What is the difference between revision and proofreading?<\/div><div class=\"bt_bb_accordion_item_content\"><div  class=\"bt_bb_text\" ><\/p>\n<p>Proofreading addresses a text carefully, correcting spelling, and grammatical errors, typos and typography, generally without referring to the original document and without modifying the conveyed message.<br \/>\nRevision (or comparative revision), on the other hand, refers to the original document and examines the fidelity of the translation as a whole. It goes beyond proofreading and addresses the adherence to specifications and terminology, the compliance to reference materials, the style, the consistency of promises made within the text and thus ensures the message is correctly and clearly transmitted.<\/p>\n<p>I provide both proofreading and revision as part of my <a href=\"https:\/\/scientific-wordshop.com\/quality\/\">quality control process<\/a> or as an independent project.<\/p>\n<p>\n<\/div><\/div><\/div><div class=\"bt_bb_accordion_item\"><div class=\"bt_bb_accordion_item_title\">How much do you charge for a translation?<\/div><div class=\"bt_bb_accordion_item_content\"><div  class=\"bt_bb_text\" ><\/p>\n<p>The price of a translation depends on the number of words, complexity, format and urgency of your project. <a href=\"https:\/\/scientific-wordshop.com\/contact\/\">Get in touch for a cost estimate<\/a>. A minimum fee will apply for small projects.<\/p>\n<p>\n<\/div><\/div><\/div><div class=\"bt_bb_accordion_item\"><div class=\"bt_bb_accordion_item_title\">How do you calculate the number of words of my document?<\/div><div class=\"bt_bb_accordion_item_content\"><div  class=\"bt_bb_text\" ><\/p>\n<p>Fortunately, it does not need to be done by hand. In Word and in the translation tool I use, I get precise statistics of the word count of a document. For a scanned document, it is not as straightforward. Getting a precise word count requires additional steps in order to make the file editable.<\/p>\n<p>\n<\/div><\/div><\/div><div class=\"bt_bb_accordion_item\"><div class=\"bt_bb_accordion_item_title\">What are your payment terms?<\/div><div class=\"bt_bb_accordion_item_content\"><div  class=\"bt_bb_text\" ><\/p>\n<p>I accept bank transfer only. The payment needs to be made one month after invoicing, unless agreed differently.<\/p>\n<p>I normally do not request upfront payments unless a project is over \u20ac1,000. In that case, I may ask for 25% upfront. It is moreover possible to make partial payments based on delivery times of parts of the project.<\/p>\n<p>\n<\/div><\/div><\/div><div class=\"bt_bb_accordion_item\"><div class=\"bt_bb_accordion_item_title\">Are you respecting the confidentiality of data?<\/div><div class=\"bt_bb_accordion_item_content\"><div  class=\"bt_bb_text\" ><\/p>\n<p>I adhere in every circumstance to the code of practice of a professional translator (an example can be downloaded on the Website of the SFT of which I am a member) and in particular to the principles of trust, fidelity and confidentiality. I therefore implement strict information control procedures to certify the confidentiality of your data.<\/p>\n<p>NDAs must be signed before a translation project begins. In the case that external sources are involved in different steps of your translation, they will all have signed an NDA as well.<\/p>\n<p>\n<\/div><\/div><\/div><\/div><div class=\"bt_bb_separator bt_bb_border_style_none bt_bb_bottom_spacing_medium bt_bb_hidden_md bt_bb_hidden_lg\" data-bt-override-class=\"null\"><\/div><\/div><\/div><\/div><\/div><\/div><\/div><!-- cell_inner --><\/div><!-- cell --><\/div><!-- port --><\/section><section id=\"bt_bb_section69f2833065e02\" class=\"bt_bb_section bt_bb_color_scheme_1 bt_bb_layout_boxed_1200 bt_bb_vertical_align_top bt_bb_background_overlay_dark_solid bt_bb_top_section_coverage_image bt_bb_section_with_top_coverage_image bt_bb_bottom_section_coverage_image bt_bb_section_with_bottom_coverage_image bt_bb_top_spacing_small bt_bb_bottom_spacing_large\" style=\"; --section-primary-color:#ffffff; --section-secondary-color:#191919;\" data-bt-override-class=\"null\"><div class=\"bt_bb_background_image_holder_wrapper\"><div class=\"bt_bb_background_image_holder btLazyLoadBackground\"  data-background_image_src=\"https:\/\/scientific-wordshop.com\/wp-content\/uploads\/2020\/12\/sjd-bg-1.jpg\" data-parallax-zoom-start=\"1\" data-parallax-zoom-end=\"1\" data-parallax-blur-start=\"0\" data-parallax-blur-end=\"0\" data-parallax-opacity-start=\"1\" data-parallax-opacity-end=\"1\" style=\" background-image: url(&#039;https:\/\/scientific-wordshop.com\/wp-content\/plugins\/bold-page-builder\/img\/blank.gif&#039;);\"><\/div><\/div><div class=\"bt_bb_port\"><div class=\"bt_bb_cell\"><div class=\"bt_bb_cell_inner\"><div class=\"bt_bb_row \"  data-bt-override-class=\"{}\"><div class=\"bt_bb_row_holder\" ><div  class=\"bt_bb_column col-xxl-12 col-xl-12 bt_bb_vertical_align_top bt_bb_align_left bt_bb_padding_normal bt_bb_animation_fade_in move_up animate\" style=\"; --column-width:12;\" data-width=\"12\" data-bt-override-class=\"{}\"><div class=\"bt_bb_column_content\"><div class=\"bt_bb_column_content_inner\"><div class=\"bt_bb_separator bt_bb_border_style_none bt_bb_top_spacing_large\" data-bt-override-class=\"null\"><\/div><header class=\"bt_bb_headline bt_bb_color_scheme_7 bt_bb_dash_none bt_bb_size_large bt_bb_align_center bt_bb_dash_type_none\" style=\"; --primary-color:#43729f; --secondary-color:#191919;;color:#ffffff;border-color:#ffffff;\" data-bt-override-class=\"{}\"><h3 class=\"bt_bb_headline_tag\"><span class=\"bt_bb_headline_content\"><span>Have I not answered your question?<br \/><br \/>\n<\/span><\/span><\/h3><\/header><\/div><\/div><\/div><\/div><\/div><div class=\"bt_bb_row \"  data-bt-override-class=\"{}\"><div class=\"bt_bb_row_holder\" ><div  class=\"bt_bb_column col-xxl-12 col-xl-12 bt_bb_vertical_align_top bt_bb_align_center bt_bb_padding_normal\" style=\"; --column-width:12;\" data-width=\"12\" data-bt-override-class=\"{}\"><div class=\"bt_bb_column_content\"><div class=\"bt_bb_column_content_inner\"><div class=\"bt_bb_separator bt_bb_border_style_none bt_bb_top_spacing_small\" data-bt-override-class=\"null\"><\/div><div class=\"bt_bb_button bt_bb_color_scheme_11 bt_bb_icon_position_left bt_bb_style_filled bt_bb_size_medium bt_bb_width_inline bt_bb_shape_inherit bt_bb_target_self bt_bb_align_inherit\" style=\"; --primary-color:#ffffff; --secondary-color:#43729f;\" data-bt-override-class=\"{}\"><a href=\"https:\/\/scientific-wordshop.com\/de\/kontakt\/\" target=\"_self\" class=\"bt_bb_link\" title=\"Get in touch to ask yours\"><span class=\"bt_bb_button_text\" >Get in touch to ask yours<\/span><\/a><\/div><\/div><\/div><\/div><\/div><\/div><\/div><!-- cell_inner --><\/div><!-- cell --><\/div><!-- port --><div class=\"bt_bb_section_top_section_coverage_image\"><img decoding=\"async\" src=\"https:\/\/scientific-wordshop.com\/wp-content\/uploads\/2020\/02\/top-cover-3.png\" alt=\"bt_bb_section_top_section_coverage_image\" \/><\/div><div class=\"bt_bb_section_bottom_section_coverage_image\"><img decoding=\"async\" src=\"https:\/\/scientific-wordshop.com\/wp-content\/uploads\/2020\/02\/bottom-cover-4.png\" alt=\"bt_bb_section_bottom_section_coverage_image\" \/><\/div><\/section><\/p>\n","protected":false},"excerpt":{"rendered":"<p>Credibly innovate granular internal or organic sources whereas high standards in web-readiness. Energistically scale future-proof core competencies vis-a-vis impactful experiences. Dramatically synthesize integrated schemas with optimal networks.<\/p>\n","protected":false},"author":1,"featured_media":0,"parent":0,"menu_order":0,"comment_status":"closed","ping_status":"closed","template":"","meta":{"footnotes":""},"class_list":["post-2071","page","type-page","status-publish","hentry"],"yoast_head":"<!-- This site is optimized with the Yoast SEO plugin v27.5 - https:\/\/yoast.com\/product\/yoast-seo-wordpress\/ -->\n<title>Medizinische und pharmazeutische \u00dcbersetzerin, Deutsch\/Englisch &gt; Franz\u00f6sische | FAQ<\/title>\n<meta name=\"description\" content=\"Wieviel kostet eine medizinische \u00dcbersetzung ins Franz\u00f6sische? Was sind meine \u00dcbersetzungstarife? \u00dcbersetze ich nur ins Franz\u00f6sische? Finden Sie es hier heraus!\" \/>\n<meta name=\"robots\" content=\"index, follow, max-snippet:-1, max-image-preview:large, max-video-preview:-1\" \/>\n<link rel=\"canonical\" href=\"https:\/\/scientific-wordshop.com\/faq\/\" \/>\n<meta property=\"og:locale\" content=\"de_DE\" \/>\n<meta property=\"og:type\" content=\"article\" \/>\n<meta property=\"og:title\" content=\"Medizinische und pharmazeutische \u00dcbersetzerin, Deutsch\/Englisch &gt; Franz\u00f6sische | FAQ\" \/>\n<meta property=\"og:description\" content=\"Wieviel kostet eine medizinische \u00dcbersetzung ins Franz\u00f6sische? Was sind meine \u00dcbersetzungstarife? \u00dcbersetze ich nur ins Franz\u00f6sische? Finden Sie es hier heraus!\" \/>\n<meta property=\"og:url\" content=\"https:\/\/scientific-wordshop.com\/faq\/\" \/>\n<meta property=\"og:site_name\" content=\"S\u00e9verine Jacquinot-D\u00e9dier, PhD\" \/>\n<meta property=\"article:modified_time\" content=\"2026-04-17T11:06:10+00:00\" \/>\n<meta name=\"twitter:card\" content=\"summary_large_image\" \/>\n<meta name=\"twitter:label1\" content=\"Gesch\u00e4tzte Lesezeit\" \/>\n\t<meta name=\"twitter:data1\" content=\"9\u00a0Minuten\" \/>\n<script type=\"application\/ld+json\" class=\"yoast-schema-graph\">{\"@context\":\"https:\\\/\\\/schema.org\",\"@graph\":[{\"@type\":\"WebPage\",\"@id\":\"https:\\\/\\\/scientific-wordshop.com\\\/faq\\\/\",\"url\":\"https:\\\/\\\/scientific-wordshop.com\\\/faq\\\/\",\"name\":\"Medizinische und pharmazeutische \u00dcbersetzerin, Deutsch\\\/Englisch > Franz\u00f6sische | FAQ\",\"isPartOf\":{\"@id\":\"https:\\\/\\\/scientific-wordshop.com\\\/#website\"},\"datePublished\":\"2019-12-30T11:36:54+00:00\",\"dateModified\":\"2026-04-17T11:06:10+00:00\",\"description\":\"Wieviel kostet eine medizinische \u00dcbersetzung ins Franz\u00f6sische? Was sind meine \u00dcbersetzungstarife? \u00dcbersetze ich nur ins Franz\u00f6sische? Finden Sie es hier heraus!\",\"breadcrumb\":{\"@id\":\"https:\\\/\\\/scientific-wordshop.com\\\/faq\\\/#breadcrumb\"},\"inLanguage\":\"de\",\"potentialAction\":[{\"@type\":\"ReadAction\",\"target\":[\"https:\\\/\\\/scientific-wordshop.com\\\/faq\\\/\"]}]},{\"@type\":\"BreadcrumbList\",\"@id\":\"https:\\\/\\\/scientific-wordshop.com\\\/faq\\\/#breadcrumb\",\"itemListElement\":[{\"@type\":\"ListItem\",\"position\":1,\"name\":\"Home\",\"item\":\"https:\\\/\\\/scientific-wordshop.com\\\/\"},{\"@type\":\"ListItem\",\"position\":2,\"name\":\"FAQ\"}]},{\"@type\":\"WebSite\",\"@id\":\"https:\\\/\\\/scientific-wordshop.com\\\/#website\",\"url\":\"https:\\\/\\\/scientific-wordshop.com\\\/\",\"name\":\"S\u00e9verine Jacquinot-D\u00e9dier, PhD\",\"description\":\"French medical writer and translator\",\"potentialAction\":[{\"@type\":\"SearchAction\",\"target\":{\"@type\":\"EntryPoint\",\"urlTemplate\":\"https:\\\/\\\/scientific-wordshop.com\\\/?s={search_term_string}\"},\"query-input\":{\"@type\":\"PropertyValueSpecification\",\"valueRequired\":true,\"valueName\":\"search_term_string\"}}],\"inLanguage\":\"de\"}]}<\/script>\n<!-- \/ Yoast SEO plugin. -->","yoast_head_json":{"title":"Medizinische und pharmazeutische \u00dcbersetzerin, Deutsch\/Englisch > Franz\u00f6sische | FAQ","description":"Wieviel kostet eine medizinische \u00dcbersetzung ins Franz\u00f6sische? Was sind meine \u00dcbersetzungstarife? \u00dcbersetze ich nur ins Franz\u00f6sische? Finden Sie es hier heraus!","robots":{"index":"index","follow":"follow","max-snippet":"max-snippet:-1","max-image-preview":"max-image-preview:large","max-video-preview":"max-video-preview:-1"},"canonical":"https:\/\/scientific-wordshop.com\/faq\/","og_locale":"de_DE","og_type":"article","og_title":"Medizinische und pharmazeutische \u00dcbersetzerin, Deutsch\/Englisch > Franz\u00f6sische | FAQ","og_description":"Wieviel kostet eine medizinische \u00dcbersetzung ins Franz\u00f6sische? Was sind meine \u00dcbersetzungstarife? \u00dcbersetze ich nur ins Franz\u00f6sische? Finden Sie es hier heraus!","og_url":"https:\/\/scientific-wordshop.com\/faq\/","og_site_name":"S\u00e9verine Jacquinot-D\u00e9dier, PhD","article_modified_time":"2026-04-17T11:06:10+00:00","twitter_card":"summary_large_image","twitter_misc":{"Gesch\u00e4tzte Lesezeit":"9\u00a0Minuten"},"schema":{"@context":"https:\/\/schema.org","@graph":[{"@type":"WebPage","@id":"https:\/\/scientific-wordshop.com\/faq\/","url":"https:\/\/scientific-wordshop.com\/faq\/","name":"Medizinische und pharmazeutische \u00dcbersetzerin, Deutsch\/Englisch > Franz\u00f6sische | FAQ","isPartOf":{"@id":"https:\/\/scientific-wordshop.com\/#website"},"datePublished":"2019-12-30T11:36:54+00:00","dateModified":"2026-04-17T11:06:10+00:00","description":"Wieviel kostet eine medizinische \u00dcbersetzung ins Franz\u00f6sische? Was sind meine \u00dcbersetzungstarife? \u00dcbersetze ich nur ins Franz\u00f6sische? Finden Sie es hier heraus!","breadcrumb":{"@id":"https:\/\/scientific-wordshop.com\/faq\/#breadcrumb"},"inLanguage":"de","potentialAction":[{"@type":"ReadAction","target":["https:\/\/scientific-wordshop.com\/faq\/"]}]},{"@type":"BreadcrumbList","@id":"https:\/\/scientific-wordshop.com\/faq\/#breadcrumb","itemListElement":[{"@type":"ListItem","position":1,"name":"Home","item":"https:\/\/scientific-wordshop.com\/"},{"@type":"ListItem","position":2,"name":"FAQ"}]},{"@type":"WebSite","@id":"https:\/\/scientific-wordshop.com\/#website","url":"https:\/\/scientific-wordshop.com\/","name":"S\u00e9verine Jacquinot-D\u00e9dier, PhD","description":"French medical writer and translator","potentialAction":[{"@type":"SearchAction","target":{"@type":"EntryPoint","urlTemplate":"https:\/\/scientific-wordshop.com\/?s={search_term_string}"},"query-input":{"@type":"PropertyValueSpecification","valueRequired":true,"valueName":"search_term_string"}}],"inLanguage":"de"}]}},"_links":{"self":[{"href":"https:\/\/scientific-wordshop.com\/de\/wp-json\/wp\/v2\/pages\/2071","targetHints":{"allow":["GET"]}}],"collection":[{"href":"https:\/\/scientific-wordshop.com\/de\/wp-json\/wp\/v2\/pages"}],"about":[{"href":"https:\/\/scientific-wordshop.com\/de\/wp-json\/wp\/v2\/types\/page"}],"author":[{"embeddable":true,"href":"https:\/\/scientific-wordshop.com\/de\/wp-json\/wp\/v2\/users\/1"}],"replies":[{"embeddable":true,"href":"https:\/\/scientific-wordshop.com\/de\/wp-json\/wp\/v2\/comments?post=2071"}],"version-history":[{"count":5,"href":"https:\/\/scientific-wordshop.com\/de\/wp-json\/wp\/v2\/pages\/2071\/revisions"}],"predecessor-version":[{"id":3421,"href":"https:\/\/scientific-wordshop.com\/de\/wp-json\/wp\/v2\/pages\/2071\/revisions\/3421"}],"wp:attachment":[{"href":"https:\/\/scientific-wordshop.com\/de\/wp-json\/wp\/v2\/media?parent=2071"}],"curies":[{"name":"wp","href":"https:\/\/api.w.org\/{rel}","templated":true}]}}